{"id":13556,"date":"2025-05-10T15:29:32","date_gmt":"2025-05-10T13:29:32","guid":{"rendered":"https:\/\/angonline.eu\/?post_type=product&#038;p=13556"},"modified":"2026-04-06T01:16:10","modified_gmt":"2026-04-05T23:16:10","slug":"czarna-marynarka-rowe","status":"publish","type":"product","link":"https:\/\/angonline.eu\/en\/product\/czarna-marynarka-rowe\/","title":{"rendered":"BLACK ROWE JACKET"},"content":{"rendered":"<p>&nbsp;<\/p>\n<p>BLACK ROWE MARINE- a classic at its finest.<\/p>\n<p>Made from premium wool and finished with a soft viscose lining, it combines elegance with comfort.<\/p>\n<p>A minimalist, timeless form with clearly defined shoulders that give it character and strength.<\/p>\n<p>It's not just a wardrobe base - it's the definition of a contemporary classic.<\/p>\n<ul>\n<li>Oversized shoulders<\/li>\n<li>Box model<\/li>\n<li>Model with black viscose lining<\/li>\n<li>Shoulder pads<\/li>\n<li>Log-on buttons<\/li>\n<\/ul>\n<p>Colour: black<\/p>\n<p>&nbsp;<\/p>\n<p>Size: Xs\/S, M\/L<\/p>\n<p>&nbsp;<\/p>\n<p>Dimensions:<\/p>\n<p>XS\/S: shoulder width 52 cm, sleeve length 60 cm, circumference 62 cm, total length 50 cm<\/p>\n<p>M\/L: shoulder width 53 cm, sleeve length 61 cm, circumference 65 cm, total length 51 cm<\/p>\n<p>&nbsp;<\/p>\n<p>Composition: 98% lambswool, 2% elastane<\/p>\n<p>&nbsp;<\/p>\n<p>Lining: 100% viscose<\/p>\n<p>&nbsp;<\/p>\n<p>Manufactured in Poland<\/p>\n<p>&nbsp;<\/p>\n<p>Delivery time: up to 7 working days<\/p>","protected":false},"excerpt":{"rendered":"<p>&nbsp; CZARNA MARYNARKA ROWE\u2013 klasyka w najpi\u0119kniejszym wydaniu. Uszyta z wysokogatunkowej we\u0142ny, wyko\u0144czona podszewk\u0105 z mi\u0119kkiej wiskozy, \u0142\u0105czy elegancj\u0119 z komfortem. Minimalistyczna, ponadczasowa forma z wyra\u017anie zaznaczonymi ramionami, kt\u00f3re nadaj\u0105 jej charakter i si\u0142\u0119. To nie tylko [&hellip;]<\/p>","protected":false},"featured_media":13660,"template":"","meta":{"_acf_changed":false},"product_brand":[],"product_cat":[107],"product_tag":[115,153,175],"class_list":{"0":"post-13556","1":"product","2":"type-product","3":"status-publish","4":"has-post-thumbnail","6":"product_cat-marynarki","7":"product_tag-ang","8":"product_tag-angonline-eu","9":"product_tag-czarna-marynarka-ang","11":"first","12":"instock","13":"taxable","14":"shipping-taxable","15":"purchasable","16":"product-type-variable"},"acf":[],"_links":{"self":[{"href":"https:\/\/angonline.eu\/en\/wp-json\/wp\/v2\/product\/13556","targetHints":{"allow":["GET"]}}],"collection":[{"href":"https:\/\/angonline.eu\/en\/wp-json\/wp\/v2\/product"}],"about":[{"href":"https:\/\/angonline.eu\/en\/wp-json\/wp\/v2\/types\/product"}],"wp:featuredmedia":[{"embeddable":true,"href":"https:\/\/angonline.eu\/en\/wp-json\/wp\/v2\/media\/13660"}],"wp:attachment":[{"href":"https:\/\/angonline.eu\/en\/wp-json\/wp\/v2\/media?parent=13556"}],"wp:term":[{"taxonomy":"product_brand","embeddable":true,"href":"https:\/\/angonline.eu\/en\/wp-json\/wp\/v2\/product_brand?post=13556"},{"taxonomy":"product_cat","embeddable":true,"href":"https:\/\/angonline.eu\/en\/wp-json\/wp\/v2\/product_cat?post=13556"},{"taxonomy":"product_tag","embeddable":true,"href":"https:\/\/angonline.eu\/en\/wp-json\/wp\/v2\/product_tag?post=13556"}],"curies":[{"name":"wp","href":"https:\/\/api.w.org\/{rel}","templated":true}]}}