{"id":13831,"date":"2025-05-31T19:15:07","date_gmt":"2025-05-31T17:15:07","guid":{"rendered":"https:\/\/angonline.eu\/?post_type=product&#038;p=13831"},"modified":"2026-04-06T01:17:41","modified_gmt":"2026-04-05T23:17:41","slug":"spodenki-riv","status":"publish","type":"product","link":"https:\/\/angonline.eu\/en\/product\/spodenki-riv\/","title":{"rendered":"RIV SHORTS"},"content":{"rendered":"<ul>\n<li>High-waisted shorts<\/li>\n<li>Inside finished with a lining<\/li>\n<li>Zip fastening<\/li>\n<li>Beautiful finishes<\/li>\n<\/ul>\n<p>&nbsp;<\/p>\n<p>Colour: OFF WHITE<\/p>\n<p>&nbsp;<\/p>\n<p>Sizes: XS, S, M, L<\/p>\n<p>&nbsp;<\/p>\n<p>Dimensions:<\/p>\n<p>XS - Waist 66, Hips 98 cm, Length on side 32 cm<\/p>\n<p>S - Waist 70, Hips 102 cm, Length on side 32 cm<\/p>\n<p>M - Waist 74, Hips 106 cm, Length on side 33cm<\/p>\n<p>L - Waist 78, Hips 110 cm, Length on side 33 cm<\/p>\n<p>&nbsp;<\/p>\n<p>Composition: 100% cotton<\/p>\n<p>&nbsp;<\/p>\n<p>Lining: 100% viscose<\/p>\n<p>&nbsp;<\/p>\n<p>Manufactured in Poland<\/p>\n<p>&nbsp;<\/p>\n<p>Delivery time: up to 7 working days<\/p>","protected":false},"excerpt":{"rendered":"<p>Spodenki z wysokim stanem W \u015brodku wyko\u0144czone podszewka Zapi\u0119cie na zamek Pi\u0119kne wyko\u0144czenia &nbsp; Kolor: OFF WHITE &nbsp; Rozmiary: XS, S, M, L &nbsp; Wymiary: XS \u2013 Talia 66, Biodra 98 cm, D\u0142ugo\u015b\u0107 po boku 32 cm [&hellip;]<\/p>","protected":false},"featured_media":13896,"template":"","meta":{"_acf_changed":false},"product_brand":[],"product_cat":[60],"product_tag":[],"class_list":{"0":"post-13831","1":"product","2":"type-product","3":"status-publish","4":"has-post-thumbnail","6":"product_cat-spodenki","8":"first","9":"instock","10":"taxable","11":"shipping-taxable","12":"purchasable","13":"product-type-variable"},"acf":[],"_links":{"self":[{"href":"https:\/\/angonline.eu\/en\/wp-json\/wp\/v2\/product\/13831","targetHints":{"allow":["GET"]}}],"collection":[{"href":"https:\/\/angonline.eu\/en\/wp-json\/wp\/v2\/product"}],"about":[{"href":"https:\/\/angonline.eu\/en\/wp-json\/wp\/v2\/types\/product"}],"wp:featuredmedia":[{"embeddable":true,"href":"https:\/\/angonline.eu\/en\/wp-json\/wp\/v2\/media\/13896"}],"wp:attachment":[{"href":"https:\/\/angonline.eu\/en\/wp-json\/wp\/v2\/media?parent=13831"}],"wp:term":[{"taxonomy":"product_brand","embeddable":true,"href":"https:\/\/angonline.eu\/en\/wp-json\/wp\/v2\/product_brand?post=13831"},{"taxonomy":"product_cat","embeddable":true,"href":"https:\/\/angonline.eu\/en\/wp-json\/wp\/v2\/product_cat?post=13831"},{"taxonomy":"product_tag","embeddable":true,"href":"https:\/\/angonline.eu\/en\/wp-json\/wp\/v2\/product_tag?post=13831"}],"curies":[{"name":"wp","href":"https:\/\/api.w.org\/{rel}","templated":true}]}}