{"id":13836,"date":"2025-05-31T19:14:36","date_gmt":"2025-05-31T17:14:36","guid":{"rendered":"https:\/\/angonline.eu\/?post_type=product&#038;p=13836"},"modified":"2026-04-06T01:15:56","modified_gmt":"2026-04-05T23:15:56","slug":"kurtka-bomber-riv","status":"publish","type":"product","link":"https:\/\/angonline.eu\/en\/product\/kurtka-bomber-riv\/","title":{"rendered":"BOMBER RIV JACKET"},"content":{"rendered":"<p>A modern take on the bomber - a classic bomber jacket with refined detailing. Comfortable and stylish.<\/p>\n<p>&nbsp;<\/p>\n<ul>\n<li>Raglan sleeves with cushioning - provides a better fit and gently accentuates the shoulders<\/li>\n<li>Double fastening - functional zip complemented by snaps ensures comfort<\/li>\n<li>A versatile cut that is perfect for everyday styling<\/li>\n<\/ul>\n<p>&nbsp;<\/p>\n<p>Colour: OFF WHITE<\/p>\n<p>&nbsp;<\/p>\n<p>Composition: 100% cotton<\/p>\n<p>&nbsp;<\/p>\n<p>Lining: 100 viscose<\/p>\n<p>&nbsp;<\/p>\n<p>Dimensions:<\/p>\n<p>XS\/S - length 54cm, sleeve length 79cm, width 51cm<\/p>\n<p>M\/L - length 58, sleeve length 81 cm, width 54 cm<\/p>\n<p>&nbsp;<\/p>\n<p>Produced in Poland.<\/p>\n<p>&nbsp;<\/p>\n<p style=\"padding-left: 40px;\">Delivery time: up to 7 working days.<\/p>","protected":false},"excerpt":{"rendered":"<p>Bomberka w nowoczesnym wydaniu \u2013 klasyczna kurtka typu bomber z dopracowanymi detalami. Wygodna i stylowa. &nbsp; Raglanowe r\u0119kawy z poduszkami \u2013 zapewniaj\u0105 lepsze dopasowanie do sylwetki i delikatnie podkre\u015blaj\u0105 ramiona Podw\u00f3jne zapi\u0119cie \u2013 funkcjonalny zamek b\u0142yskawiczny uzupe\u0142niony [&hellip;]<\/p>","protected":false},"featured_media":13842,"template":"","meta":{"_acf_changed":false},"product_brand":[],"product_cat":[497],"product_tag":[],"class_list":{"0":"post-13836","1":"product","2":"type-product","3":"status-publish","4":"has-post-thumbnail","6":"product_cat-kurtki","8":"first","9":"outofstock","10":"taxable","11":"shipping-taxable","12":"purchasable","13":"product-type-variable"},"acf":[],"_links":{"self":[{"href":"https:\/\/angonline.eu\/en\/wp-json\/wp\/v2\/product\/13836","targetHints":{"allow":["GET"]}}],"collection":[{"href":"https:\/\/angonline.eu\/en\/wp-json\/wp\/v2\/product"}],"about":[{"href":"https:\/\/angonline.eu\/en\/wp-json\/wp\/v2\/types\/product"}],"wp:featuredmedia":[{"embeddable":true,"href":"https:\/\/angonline.eu\/en\/wp-json\/wp\/v2\/media\/13842"}],"wp:attachment":[{"href":"https:\/\/angonline.eu\/en\/wp-json\/wp\/v2\/media?parent=13836"}],"wp:term":[{"taxonomy":"product_brand","embeddable":true,"href":"https:\/\/angonline.eu\/en\/wp-json\/wp\/v2\/product_brand?post=13836"},{"taxonomy":"product_cat","embeddable":true,"href":"https:\/\/angonline.eu\/en\/wp-json\/wp\/v2\/product_cat?post=13836"},{"taxonomy":"product_tag","embeddable":true,"href":"https:\/\/angonline.eu\/en\/wp-json\/wp\/v2\/product_tag?post=13836"}],"curies":[{"name":"wp","href":"https:\/\/api.w.org\/{rel}","templated":true}]}}