{"id":13989,"date":"2025-06-15T12:51:06","date_gmt":"2025-06-15T10:51:06","guid":{"rendered":"https:\/\/angonline.eu\/?post_type=product&#038;p=13989"},"modified":"2026-04-10T09:21:03","modified_gmt":"2026-04-10T07:21:03","slug":"koszula-amia","status":"publish","type":"product","link":"https:\/\/angonline.eu\/en\/product\/koszula-amia\/","title":{"rendered":"AMIA SHIRT"},"content":{"rendered":"<p>The AMIA shirt is perfect for layering, both with jeans and with elegant trousers or a high-waisted skirt. It is a versatile wardrobe piece with a touch of nonchalance and modern chic.<\/p>\n<p>&nbsp;<\/p>\n<p>- Boxy cut, the relaxed shape provides freedom of movement and a modern look.<\/p>\n<p>- The widened shoulder line and sewn-in cushions give the shirt structure and a fashionable, slightly oversize character.<\/p>\n<p>- Button fastening, a classic and practical solution that allows the shirt to be worn in different ways.<\/p>\n<p>- Kent collar, an elegant detail that breaks up the casual nature of the shirt.<\/p>\n<p>&nbsp;<\/p>\n<p>Dimensions:<\/p>\n<p>- XS\/S: width 56 cm, total length 47 cm<\/p>\n<p>- M\/L: width 59 cm, overall length 48 cm<\/p>\n<p>Composition: 65% cotton, 32% polyester, 3 % spandex<\/p>\n<p>Produced in Poland.<\/p>\n<p>&nbsp;<\/p>\n<p>Delivery time: up to 7 working days.<\/p>","protected":false},"excerpt":{"rendered":"<p>Koszula AMIA \u015bwietnie sprawdzi si\u0119 w stylizacjach warstwowych, zar\u00f3wno do jeans\u00f3w, jak i do eleganckich spodni czy sp\u00f3dnicy z wysokim stanem. To uniwersalny element garderoby z nut\u0105 nonszalancji i nowoczesnego szyku. &nbsp; \u2022 Pude\u0142kowy fason, lu\u017ana forma [&hellip;]<\/p>","protected":false},"featured_media":16553,"template":"","meta":{"_acf_changed":false},"product_brand":[],"product_cat":[77,15],"product_tag":[115,153,216],"class_list":{"0":"post-13989","1":"product","2":"type-product","3":"status-publish","4":"has-post-thumbnail","6":"product_cat-koszule","7":"product_cat-nowosci","8":"product_tag-ang","9":"product_tag-angonline-eu","10":"product_tag-koszula-ang","12":"first","13":"instock","14":"taxable","15":"shipping-taxable","16":"purchasable","17":"product-type-variable"},"acf":[],"_links":{"self":[{"href":"https:\/\/angonline.eu\/en\/wp-json\/wp\/v2\/product\/13989","targetHints":{"allow":["GET"]}}],"collection":[{"href":"https:\/\/angonline.eu\/en\/wp-json\/wp\/v2\/product"}],"about":[{"href":"https:\/\/angonline.eu\/en\/wp-json\/wp\/v2\/types\/product"}],"wp:featuredmedia":[{"embeddable":true,"href":"https:\/\/angonline.eu\/en\/wp-json\/wp\/v2\/media\/16553"}],"wp:attachment":[{"href":"https:\/\/angonline.eu\/en\/wp-json\/wp\/v2\/media?parent=13989"}],"wp:term":[{"taxonomy":"product_brand","embeddable":true,"href":"https:\/\/angonline.eu\/en\/wp-json\/wp\/v2\/product_brand?post=13989"},{"taxonomy":"product_cat","embeddable":true,"href":"https:\/\/angonline.eu\/en\/wp-json\/wp\/v2\/product_cat?post=13989"},{"taxonomy":"product_tag","embeddable":true,"href":"https:\/\/angonline.eu\/en\/wp-json\/wp\/v2\/product_tag?post=13989"}],"curies":[{"name":"wp","href":"https:\/\/api.w.org\/{rel}","templated":true}]}}