{"id":14120,"date":"2025-07-08T23:06:22","date_gmt":"2025-07-08T21:06:22","guid":{"rendered":"https:\/\/angonline.eu\/?post_type=product&#038;p=14120"},"modified":"2026-04-12T22:00:30","modified_gmt":"2026-04-12T20:00:30","slug":"spodenki-amia","status":"publish","type":"product","link":"https:\/\/angonline.eu\/en\/product\/spodenki-amia\/","title":{"rendered":"AMIA SHORTS"},"content":{"rendered":"<ul>\n<li>Denim shorts<\/li>\n<li>Side pockets<\/li>\n<li>Zip and zip fastening<\/li>\n<li>Beautiful finishes<\/li>\n<li>Covered pocket on the back<\/li>\n<\/ul>\n<p>Colour: OFF WHITE<\/p>\n<p>Sizes: XS, S, M, L<\/p>\n<p>&nbsp;<\/p>\n<p>Composition: : 65% cotton, 32% polyester, 3 % spandex<\/p>\n<p>Manufactured in Poland<\/p>\n<p>Delivery time: up to 7 working days<\/p>","protected":false},"excerpt":{"rendered":"<p>Dzinsowe spodenki Boczne kieszenie Zapi\u0119cie na suwak i nap\u0119 Pi\u0119kne wyko\u0144czenia Z ty\u0142u kryta kieszen Kolor: OFF WHITE Rozmiary: XS, S, M, L &nbsp; Sk\u0142ad: : 65% bawe\u0142na, 32% poliester, 3 % spandex Wyprodukowano w Polsce Czas [&hellip;]<\/p>","protected":false},"featured_media":14164,"template":"","meta":{"_acf_changed":false},"product_brand":[],"product_cat":[60],"product_tag":[115,153,215,457],"class_list":{"0":"post-14120","1":"product","2":"type-product","3":"status-publish","4":"has-post-thumbnail","6":"product_cat-spodenki","7":"product_tag-ang","8":"product_tag-angonline-eu","9":"product_tag-off-white-spodenki-ang","10":"product_tag-spodenki-ang","12":"first","13":"instock","14":"taxable","15":"shipping-taxable","16":"purchasable","17":"product-type-variable"},"acf":[],"_links":{"self":[{"href":"https:\/\/angonline.eu\/en\/wp-json\/wp\/v2\/product\/14120","targetHints":{"allow":["GET"]}}],"collection":[{"href":"https:\/\/angonline.eu\/en\/wp-json\/wp\/v2\/product"}],"about":[{"href":"https:\/\/angonline.eu\/en\/wp-json\/wp\/v2\/types\/product"}],"wp:featuredmedia":[{"embeddable":true,"href":"https:\/\/angonline.eu\/en\/wp-json\/wp\/v2\/media\/14164"}],"wp:attachment":[{"href":"https:\/\/angonline.eu\/en\/wp-json\/wp\/v2\/media?parent=14120"}],"wp:term":[{"taxonomy":"product_brand","embeddable":true,"href":"https:\/\/angonline.eu\/en\/wp-json\/wp\/v2\/product_brand?post=14120"},{"taxonomy":"product_cat","embeddable":true,"href":"https:\/\/angonline.eu\/en\/wp-json\/wp\/v2\/product_cat?post=14120"},{"taxonomy":"product_tag","embeddable":true,"href":"https:\/\/angonline.eu\/en\/wp-json\/wp\/v2\/product_tag?post=14120"}],"curies":[{"name":"wp","href":"https:\/\/api.w.org\/{rel}","templated":true}]}}