{"id":14126,"date":"2025-07-08T23:09:08","date_gmt":"2025-07-08T21:09:08","guid":{"rendered":"https:\/\/angonline.eu\/?post_type=product&#038;p=14126"},"modified":"2026-04-06T01:18:09","modified_gmt":"2026-04-05T23:18:09","slug":"spodnica-amia","status":"publish","type":"product","link":"https:\/\/angonline.eu\/en\/product\/spodnica-amia\/","title":{"rendered":"THE AMIA SKIRT"},"content":{"rendered":"<ul>\n<li>Denim skirt<\/li>\n<li>Mini length<\/li>\n<li>Zipped<\/li>\n<li>Beautiful fashion stitching<\/li>\n<\/ul>\n<p>Composition: 65% cotton, 32% polyester, 3 % spandex<\/p>\n<p>&nbsp;<\/p>\n<p>Colour: off white<\/p>\n<p>Size: XS, S, M, L<\/p>\n<p>TRUE TO SIZE<\/p>\n<p>Composition: 65% cotton, 32% polyester, 3 % spandex<\/p>\n<p>Manufactured in Poland<\/p>\n<p>Dry cleaning recommended.<\/p>\n<p>Delivery time: up to 7 working days<\/p>","protected":false},"excerpt":{"rendered":"<p>Sp\u00f3dnica jeansowa D\u0142ugo\u015b\u0107 mini Zapinana na zamek Pi\u0119kne modowe przeszycia Sk\u0142ad: 65% bawe\u0142na, 32% poliester, 3 % spandex &nbsp; Kolor: off white Rozmiar: XS, S, M, L TRUE TO SIZE Sk\u0142ad: 65% bawe\u0142na, 32% poliester, 3 % [&hellip;]<\/p>","protected":false},"featured_media":14132,"template":"","meta":{"_acf_changed":false},"product_brand":[],"product_cat":[96],"product_tag":[115,153,217],"class_list":{"0":"post-14126","1":"product","2":"type-product","3":"status-publish","4":"has-post-thumbnail","6":"product_cat-akcesoria","7":"product_tag-ang","8":"product_tag-angonline-eu","9":"product_tag-spodnica-ang","11":"first","12":"instock","13":"taxable","14":"shipping-taxable","15":"purchasable","16":"product-type-variable"},"acf":[],"_links":{"self":[{"href":"https:\/\/angonline.eu\/en\/wp-json\/wp\/v2\/product\/14126","targetHints":{"allow":["GET"]}}],"collection":[{"href":"https:\/\/angonline.eu\/en\/wp-json\/wp\/v2\/product"}],"about":[{"href":"https:\/\/angonline.eu\/en\/wp-json\/wp\/v2\/types\/product"}],"wp:featuredmedia":[{"embeddable":true,"href":"https:\/\/angonline.eu\/en\/wp-json\/wp\/v2\/media\/14132"}],"wp:attachment":[{"href":"https:\/\/angonline.eu\/en\/wp-json\/wp\/v2\/media?parent=14126"}],"wp:term":[{"taxonomy":"product_brand","embeddable":true,"href":"https:\/\/angonline.eu\/en\/wp-json\/wp\/v2\/product_brand?post=14126"},{"taxonomy":"product_cat","embeddable":true,"href":"https:\/\/angonline.eu\/en\/wp-json\/wp\/v2\/product_cat?post=14126"},{"taxonomy":"product_tag","embeddable":true,"href":"https:\/\/angonline.eu\/en\/wp-json\/wp\/v2\/product_tag?post=14126"}],"curies":[{"name":"wp","href":"https:\/\/api.w.org\/{rel}","templated":true}]}}