{"id":14148,"date":"2025-07-09T00:22:32","date_gmt":"2025-07-08T22:22:32","guid":{"rendered":"https:\/\/angonline.eu\/?post_type=product&#038;p=14148"},"modified":"2026-04-06T01:14:09","modified_gmt":"2026-04-05T23:14:09","slug":"spodenki-muse","status":"publish","type":"product","link":"https:\/\/angonline.eu\/en\/product\/spodenki-muse\/","title":{"rendered":"MUSE SHORTS"},"content":{"rendered":"<p>Design: Minimalist style, without unnecessary embellishments, making it a versatile wardrobe item<\/p>\n<p>High-waisted shorts<\/p>\n<p>Inside finished with a lining<\/p>\n<p>Zip fastening on the side<\/p>\n<p>Beautiful finishes<\/p>\n<p>&nbsp;<\/p>\n<p>Size: XS, S, M, L<\/p>\n<p>&nbsp;<\/p>\n<p>Composition: 64% viscose, 33% polyester, 3% elastane<\/p>\n<p>Lining: 100 viscose<\/p>\n<p>&nbsp;<\/p>\n<p>Manufactured in Poland<\/p>\n<p>Delivery time: up to 7 working days<\/p>","protected":false},"excerpt":{"rendered":"<p>Design: Minimalistyczny styl, bez zb\u0119dnych ozdobnik\u00f3w, co czyni je wszechstronnym elementem garderoby Spodenki z wysokim stanem W \u015brodku wyko\u0144czone podszewka Zapi\u0119cie na zamek z boku Pi\u0119kne wyko\u0144czenia &nbsp; Rozmiar: XS, S, M, L &nbsp; Sk\u0142ad: 64% wiskoza, [&hellip;]<\/p>","protected":false},"featured_media":14153,"template":"","meta":{"_acf_changed":false},"product_brand":[],"product_cat":[60],"product_tag":[115,153,457],"class_list":{"0":"post-14148","1":"product","2":"type-product","3":"status-publish","4":"has-post-thumbnail","6":"product_cat-spodenki","7":"product_tag-ang","8":"product_tag-angonline-eu","9":"product_tag-spodenki-ang","11":"first","12":"instock","13":"taxable","14":"shipping-taxable","15":"purchasable","16":"product-type-variable"},"acf":[],"_links":{"self":[{"href":"https:\/\/angonline.eu\/en\/wp-json\/wp\/v2\/product\/14148","targetHints":{"allow":["GET"]}}],"collection":[{"href":"https:\/\/angonline.eu\/en\/wp-json\/wp\/v2\/product"}],"about":[{"href":"https:\/\/angonline.eu\/en\/wp-json\/wp\/v2\/types\/product"}],"wp:featuredmedia":[{"embeddable":true,"href":"https:\/\/angonline.eu\/en\/wp-json\/wp\/v2\/media\/14153"}],"wp:attachment":[{"href":"https:\/\/angonline.eu\/en\/wp-json\/wp\/v2\/media?parent=14148"}],"wp:term":[{"taxonomy":"product_brand","embeddable":true,"href":"https:\/\/angonline.eu\/en\/wp-json\/wp\/v2\/product_brand?post=14148"},{"taxonomy":"product_cat","embeddable":true,"href":"https:\/\/angonline.eu\/en\/wp-json\/wp\/v2\/product_cat?post=14148"},{"taxonomy":"product_tag","embeddable":true,"href":"https:\/\/angonline.eu\/en\/wp-json\/wp\/v2\/product_tag?post=14148"}],"curies":[{"name":"wp","href":"https:\/\/api.w.org\/{rel}","templated":true}]}}