{"id":14154,"date":"2025-07-09T00:29:30","date_gmt":"2025-07-08T22:29:30","guid":{"rendered":"https:\/\/angonline.eu\/?post_type=product&#038;p=14154"},"modified":"2026-04-06T01:14:02","modified_gmt":"2026-04-05T23:14:02","slug":"marynarka-muse","status":"publish","type":"product","link":"https:\/\/angonline.eu\/en\/product\/marynarka-muse\/","title":{"rendered":"MUSE MARINE"},"content":{"rendered":"<ul>\n<li>Broadened shoulder line<\/li>\n<li>Lined model<\/li>\n<li>Shoulder pads<\/li>\n<li>Beautifully cut lapels<\/li>\n<li>Drawstring belt<\/li>\n<li>Logo-type buttons<\/li>\n<\/ul>\n<p>Size XS\/S , M\/L<\/p>\n<p>&nbsp;<\/p>\n<p>Composition: 64% viscose, 33% polyester, 3% elastane<\/p>\n<p>Lining: 100 viscose<\/p>\n<p>&nbsp;<\/p>\n<p>Manufactured in Poland<\/p>\n<p>Delivery time: up to 7 working days<\/p>","protected":false},"excerpt":{"rendered":"<p>Poszerzona linia ramion Model na podszewce Poduszki na ramionach Pi\u0119knie wykrojone klapy \u015aci\u0105gana paskiem Logowane guziki Rozmiar XS\/S , M\/L &nbsp; Sk\u0142ad: 64% wiskoza, 33% poliester, 3% elastan Podszewka: 100 wiskoza &nbsp; Wyprodukowano w Polsce Czas dostawy: [&hellip;]<\/p>","protected":false},"featured_media":14158,"template":"","meta":{"_acf_changed":false},"product_brand":[],"product_cat":[107],"product_tag":[115,153,164],"class_list":{"0":"post-14154","1":"product","2":"type-product","3":"status-publish","4":"has-post-thumbnail","6":"product_cat-marynarki","7":"product_tag-ang","8":"product_tag-angonline-eu","9":"product_tag-marynarka-ang","11":"first","12":"instock","13":"taxable","14":"shipping-taxable","15":"purchasable","16":"product-type-variable"},"acf":[],"_links":{"self":[{"href":"https:\/\/angonline.eu\/en\/wp-json\/wp\/v2\/product\/14154","targetHints":{"allow":["GET"]}}],"collection":[{"href":"https:\/\/angonline.eu\/en\/wp-json\/wp\/v2\/product"}],"about":[{"href":"https:\/\/angonline.eu\/en\/wp-json\/wp\/v2\/types\/product"}],"wp:featuredmedia":[{"embeddable":true,"href":"https:\/\/angonline.eu\/en\/wp-json\/wp\/v2\/media\/14158"}],"wp:attachment":[{"href":"https:\/\/angonline.eu\/en\/wp-json\/wp\/v2\/media?parent=14154"}],"wp:term":[{"taxonomy":"product_brand","embeddable":true,"href":"https:\/\/angonline.eu\/en\/wp-json\/wp\/v2\/product_brand?post=14154"},{"taxonomy":"product_cat","embeddable":true,"href":"https:\/\/angonline.eu\/en\/wp-json\/wp\/v2\/product_cat?post=14154"},{"taxonomy":"product_tag","embeddable":true,"href":"https:\/\/angonline.eu\/en\/wp-json\/wp\/v2\/product_tag?post=14154"}],"curies":[{"name":"wp","href":"https:\/\/api.w.org\/{rel}","templated":true}]}}