{"id":14421,"date":"2025-08-05T15:54:03","date_gmt":"2025-08-05T13:54:03","guid":{"rendered":"https:\/\/angonline.eu\/?post_type=product&#038;p=14421"},"modified":"2026-04-06T01:14:43","modified_gmt":"2026-04-05T23:14:43","slug":"balloon-spodenki-rosy","status":"publish","type":"product","link":"https:\/\/angonline.eu\/en\/product\/balloon-spodenki-rosy\/","title":{"rendered":"BALLOON SHORTS DEW"},"content":{"rendered":"<p>Balloon shorts by ROSY<\/p>\n<p>Subtle form, full comfort<\/p>\n<p>At first glance they resemble a skirt, but they conceal the comfort of perfectly tailored shorts. Made from high-quality, soft cotton, the ROSY model provides comfort and freedom of movement, while remaining an extremely feminine and aesthetically pleasing choice.<\/p>\n<p>The elastic waistband gently adapts to the silhouette, and the thoughtful cut guarantees a complete sense of comfort and discretion - without compromise.<\/p>\n<p>The perfect balance between elegance and functionality.<\/p>\n<p>&nbsp;<\/p>\n<p>Size: XS\/S, M\/L<\/p>\n<p>&nbsp;<\/p>\n<p>Composition: 97% cotton, 3% elastane<\/p>\n<p>Lining: 97% cotton, 3% elastane<\/p>\n<p>&nbsp;<\/p>\n<p>Manufactured in Poland<\/p>\n<p>Delivery time: up to 7 working days<\/p>","protected":false},"excerpt":{"rendered":"<p>Balloon spodenki ROSY Subtelna forma, pe\u0142na wygoda Na pierwszy rzut oka przypominaj\u0105 sp\u00f3dniczk\u0119, jednak skrywaj\u0105 komfort idealnie skrojonych spodenek. Model ROSY wykonany z wysokiej jako\u015bci, mi\u0119kkiej bawe\u0142ny zapewnia wygod\u0119 i swobod\u0119 ruch\u00f3w, pozostaj\u0105c przy tym niezwykle kobiecym [&hellip;]<\/p>","protected":false},"featured_media":14424,"template":"","meta":{"_acf_changed":false},"product_brand":[],"product_cat":[60],"product_tag":[115,153,121],"class_list":{"0":"post-14421","1":"product","2":"type-product","3":"status-publish","4":"has-post-thumbnail","6":"product_cat-spodenki","7":"product_tag-ang","8":"product_tag-angonline-eu","9":"product_tag-spodenki","11":"first","12":"instock","13":"taxable","14":"shipping-taxable","15":"purchasable","16":"product-type-variable"},"acf":[],"_links":{"self":[{"href":"https:\/\/angonline.eu\/en\/wp-json\/wp\/v2\/product\/14421","targetHints":{"allow":["GET"]}}],"collection":[{"href":"https:\/\/angonline.eu\/en\/wp-json\/wp\/v2\/product"}],"about":[{"href":"https:\/\/angonline.eu\/en\/wp-json\/wp\/v2\/types\/product"}],"wp:featuredmedia":[{"embeddable":true,"href":"https:\/\/angonline.eu\/en\/wp-json\/wp\/v2\/media\/14424"}],"wp:attachment":[{"href":"https:\/\/angonline.eu\/en\/wp-json\/wp\/v2\/media?parent=14421"}],"wp:term":[{"taxonomy":"product_brand","embeddable":true,"href":"https:\/\/angonline.eu\/en\/wp-json\/wp\/v2\/product_brand?post=14421"},{"taxonomy":"product_cat","embeddable":true,"href":"https:\/\/angonline.eu\/en\/wp-json\/wp\/v2\/product_cat?post=14421"},{"taxonomy":"product_tag","embeddable":true,"href":"https:\/\/angonline.eu\/en\/wp-json\/wp\/v2\/product_tag?post=14421"}],"curies":[{"name":"wp","href":"https:\/\/api.w.org\/{rel}","templated":true}]}}