{"id":14538,"date":"2025-08-30T12:39:06","date_gmt":"2025-08-30T10:39:06","guid":{"rendered":"https:\/\/angonline.eu\/?post_type=product&#038;p=14538"},"modified":"2026-04-06T01:14:25","modified_gmt":"2026-04-05T23:14:25","slug":"szare-spodenki-alix","status":"publish","type":"product","link":"https:\/\/angonline.eu\/en\/product\/szare-spodenki-alix\/","title":{"rendered":"GREY ALIX SHORTS"},"content":{"rendered":"<p>The ALIX high-waisted shorts are a feminine and stylish addition to your wardrobe.<br \/>\nTied with a belt, they accentuate the waist and add proportion to the silhouette. Beautiful and fashionable, they will work for both everyday and elegant styling.<\/p>\n<p>&nbsp;<\/p>\n<p>Colour: grey<\/p>\n<p>Size: Xs, S, M, L<\/p>\n<p>Dimensions:<br \/>\nXS - Waist 70 cm, Length on side 43 cm<br \/>\nS - Waist 74 cm, Length on side 43 cm<br \/>\nM - Waist 78 cm, Length on side 44 cm<br \/>\nL - Waist 82 cm, Length on side 44 cm<\/p>\n<p>Composition: 44% polyester, 18% viscose, 28% modal, 6% wool, 4% spandex<br \/>\nLining: 100% viscose<\/p>\n<p>Dimensions may vary +\/- 1-2 cm<\/p>\n<p>Manufactured in Poland<\/p>\n<p>Delivery time: up to 7 working days<\/p>","protected":false},"excerpt":{"rendered":"<p>Spodenki z wysokim stanem ALIX to kobiece i pe\u0142ne stylu uzupe\u0142nienie garderoby. Wi\u0105zane paskiem, podkre\u015blaj\u0105 tali\u0119 i nadaj\u0105 sylwetce proporcji. Pi\u0119kne i modowe, sprawdz\u0105 si\u0119 zar\u00f3wno w codziennych, jak i eleganckich stylizacjach. &nbsp; Kolor: szare Rozmiar: Xs, [&hellip;]<\/p>","protected":false},"featured_media":14677,"template":"","meta":{"_acf_changed":false},"product_brand":[],"product_cat":[60],"product_tag":[115,153,214],"class_list":{"0":"post-14538","1":"product","2":"type-product","3":"status-publish","4":"has-post-thumbnail","6":"product_cat-spodenki","7":"product_tag-ang","8":"product_tag-angonline-eu","9":"product_tag-szare-spodenki-ang","11":"first","12":"instock","13":"taxable","14":"shipping-taxable","15":"purchasable","16":"product-type-variable"},"acf":[],"_links":{"self":[{"href":"https:\/\/angonline.eu\/en\/wp-json\/wp\/v2\/product\/14538","targetHints":{"allow":["GET"]}}],"collection":[{"href":"https:\/\/angonline.eu\/en\/wp-json\/wp\/v2\/product"}],"about":[{"href":"https:\/\/angonline.eu\/en\/wp-json\/wp\/v2\/types\/product"}],"wp:featuredmedia":[{"embeddable":true,"href":"https:\/\/angonline.eu\/en\/wp-json\/wp\/v2\/media\/14677"}],"wp:attachment":[{"href":"https:\/\/angonline.eu\/en\/wp-json\/wp\/v2\/media?parent=14538"}],"wp:term":[{"taxonomy":"product_brand","embeddable":true,"href":"https:\/\/angonline.eu\/en\/wp-json\/wp\/v2\/product_brand?post=14538"},{"taxonomy":"product_cat","embeddable":true,"href":"https:\/\/angonline.eu\/en\/wp-json\/wp\/v2\/product_cat?post=14538"},{"taxonomy":"product_tag","embeddable":true,"href":"https:\/\/angonline.eu\/en\/wp-json\/wp\/v2\/product_tag?post=14538"}],"curies":[{"name":"wp","href":"https:\/\/api.w.org\/{rel}","templated":true}]}}