{"id":14546,"date":"2025-08-30T13:06:46","date_gmt":"2025-08-30T11:06:46","guid":{"rendered":"https:\/\/angonline.eu\/?post_type=product&#038;p=14546"},"modified":"2026-04-06T01:13:10","modified_gmt":"2026-04-05T23:13:10","slug":"czarna-marynarko-koszula-alix","status":"publish","type":"product","link":"https:\/\/angonline.eu\/en\/product\/czarna-marynarko-koszula-alix\/","title":{"rendered":"BLACK ALIX BLAZER-SHIRT"},"content":{"rendered":"<p>The most beautiful jacket and shirt in your wardrobe.<br \/>\nVersatile and stylish - wear it as a smart blazer or a classic shirt, tucked into trousers or shorts.<br \/>\nFastened with subtle black press studs. Slightly waisted, with beautifully emphasised shoulders, it creates the perfect silhouette.<\/p>\n<p>Colour: black<\/p>\n<p>Size: Xs\/S, M\/L<\/p>\n<p>Dimensions:<br \/>\nXS\/S: shoulder width 49 cm, sleeve length 64 cm, circumference 52 cm, total length 65 cm<br \/>\nM\/L: shoulder width 50 cm, sleeve length 65 cm, circumference 55 cm, total length 67 cm<\/p>\n<p>Composition: 44% polyester, 18% viscose, 28% modal, 6% wool, 4% spandex<br \/>\nLining: 100% viscose<\/p>\n<p>Dimensions may vary +\/- 1-2 cm<\/p>\n<p>Manufactured in Poland<\/p>\n<p>Delivery time: up to 7 working days<\/p>","protected":false},"excerpt":{"rendered":"<p>Najpi\u0119kniejsza marynarko-koszula w Twojej szafie. Uniwersalna i stylowa \u2013 no\u015b j\u0105 jako eleganck\u0105 marynark\u0119 lub klasyczn\u0105 koszul\u0119, wpuszczon\u0105 w spodnie czy spodenki. Zapinana na subtelne, czarne napy. Lekko taliowana, z pi\u0119knie podkre\u015blonymi ramionami, tworzy idealn\u0105 sylwetk\u0119. Kolor: [&hellip;]<\/p>","protected":false},"featured_media":14669,"template":"","meta":{"_acf_changed":false},"product_brand":[],"product_cat":[107],"product_tag":[115,153,478],"class_list":{"0":"post-14546","1":"product","2":"type-product","3":"status-publish","4":"has-post-thumbnail","6":"product_cat-marynarki","7":"product_tag-ang","8":"product_tag-angonline-eu","9":"product_tag-bezowa-marynarka-ang","11":"first","12":"instock","13":"taxable","14":"shipping-taxable","15":"purchasable","16":"product-type-variable"},"acf":[],"_links":{"self":[{"href":"https:\/\/angonline.eu\/en\/wp-json\/wp\/v2\/product\/14546","targetHints":{"allow":["GET"]}}],"collection":[{"href":"https:\/\/angonline.eu\/en\/wp-json\/wp\/v2\/product"}],"about":[{"href":"https:\/\/angonline.eu\/en\/wp-json\/wp\/v2\/types\/product"}],"wp:featuredmedia":[{"embeddable":true,"href":"https:\/\/angonline.eu\/en\/wp-json\/wp\/v2\/media\/14669"}],"wp:attachment":[{"href":"https:\/\/angonline.eu\/en\/wp-json\/wp\/v2\/media?parent=14546"}],"wp:term":[{"taxonomy":"product_brand","embeddable":true,"href":"https:\/\/angonline.eu\/en\/wp-json\/wp\/v2\/product_brand?post=14546"},{"taxonomy":"product_cat","embeddable":true,"href":"https:\/\/angonline.eu\/en\/wp-json\/wp\/v2\/product_cat?post=14546"},{"taxonomy":"product_tag","embeddable":true,"href":"https:\/\/angonline.eu\/en\/wp-json\/wp\/v2\/product_tag?post=14546"}],"curies":[{"name":"wp","href":"https:\/\/api.w.org\/{rel}","templated":true}]}}