{"id":14559,"date":"2025-08-30T14:00:26","date_gmt":"2025-08-30T12:00:26","guid":{"rendered":"https:\/\/angonline.eu\/?post_type=product&#038;p=14559"},"modified":"2026-04-06T01:12:16","modified_gmt":"2026-04-05T23:12:16","slug":"czarna-kurtka-rosy","status":"publish","type":"product","link":"https:\/\/angonline.eu\/en\/product\/czarna-kurtka-rosy\/","title":{"rendered":"BLACK DEW JACKET"},"content":{"rendered":"<p>One jacket, two faces.<\/p>\n<p>The Rosy zip-up jacket is a functional and stylish choice for any occasion. Made from high quality black cotton, it features detachable sleeves so it transforms into a comfortable waistcoat in a flash. The drawstring elasticated hem ensures a perfect fit, and when paired with the Rosy trousers it creates a modern, cohesive look. A must-have for travel, perfect for the plane, every day and any situation where you value comfort combined with trend.<\/p>\n<p>Colour: black<\/p>\n<p>Size: Xs\/S, M\/L<\/p>\n<p>Dimensions:<br \/>\nXS\/S: Sleeve length 76 cm, circumference 65 cm, overall length 55 cm<br \/>\nM\/L: sleeve length 78 cm, circumference 68 cm, total length 60 cm<\/p>\n<p>Dimensions may vary +\/- 1-2 cm<\/p>\n<p>Composition: 97% cotton, 3% elastane<br \/>\nLining: 100% viscose<\/p>\n<p>Manufactured in Poland<\/p>\n<p>Delivery time: up to 7 working days<\/p>","protected":false},"excerpt":{"rendered":"<p>Jedna kurtka, dwa oblicza. Kurtka na zamek Rosy to funkcjonalny i stylowy wyb\u00f3r na ka\u017cd\u0105 okazj\u0119. Wykonana z wysokiej jako\u015bci, czarnej bawe\u0142ny, posiada odpinane r\u0119kawy, dzi\u0119ki czemu w mgnieniu oka zmienia si\u0119 w wygodn\u0105 kamizelk\u0119. \u015aci\u0105gana gumka [&hellip;]<\/p>","protected":false},"featured_media":14640,"template":"","meta":{"_acf_changed":false},"product_brand":[],"product_cat":[497],"product_tag":[115,153,483],"class_list":{"0":"post-14559","1":"product","2":"type-product","3":"status-publish","4":"has-post-thumbnail","6":"product_cat-kurtki","7":"product_tag-ang","8":"product_tag-angonline-eu","9":"product_tag-czarna-kurtka-ang","11":"first","12":"instock","13":"taxable","14":"shipping-taxable","15":"purchasable","16":"product-type-variable"},"acf":[],"_links":{"self":[{"href":"https:\/\/angonline.eu\/en\/wp-json\/wp\/v2\/product\/14559","targetHints":{"allow":["GET"]}}],"collection":[{"href":"https:\/\/angonline.eu\/en\/wp-json\/wp\/v2\/product"}],"about":[{"href":"https:\/\/angonline.eu\/en\/wp-json\/wp\/v2\/types\/product"}],"wp:featuredmedia":[{"embeddable":true,"href":"https:\/\/angonline.eu\/en\/wp-json\/wp\/v2\/media\/14640"}],"wp:attachment":[{"href":"https:\/\/angonline.eu\/en\/wp-json\/wp\/v2\/media?parent=14559"}],"wp:term":[{"taxonomy":"product_brand","embeddable":true,"href":"https:\/\/angonline.eu\/en\/wp-json\/wp\/v2\/product_brand?post=14559"},{"taxonomy":"product_cat","embeddable":true,"href":"https:\/\/angonline.eu\/en\/wp-json\/wp\/v2\/product_cat?post=14559"},{"taxonomy":"product_tag","embeddable":true,"href":"https:\/\/angonline.eu\/en\/wp-json\/wp\/v2\/product_tag?post=14559"}],"curies":[{"name":"wp","href":"https:\/\/api.w.org\/{rel}","templated":true}]}}