{"id":14562,"date":"2025-08-30T14:01:16","date_gmt":"2025-08-30T12:01:16","guid":{"rendered":"https:\/\/angonline.eu\/?post_type=product&#038;p=14562"},"modified":"2026-04-09T17:19:17","modified_gmt":"2026-04-09T15:19:17","slug":"czarna-kurtka-rosy-z-kapturem","status":"publish","type":"product","link":"https:\/\/angonline.eu\/en\/product\/czarna-kurtka-rosy-z-kapturem\/","title":{"rendered":"BLACK DEW JACKET WITH HOOD"},"content":{"rendered":"<p>The Rosy kangaroo jacket is the perfect combination of comfort and style. Made from soft cotton with a viscose lining, it provides all-day comfort. It features a practical hood, elastic waist adjustment and sleeve press studs, so you can easily adjust it to suit your style. It pairs perfectly with the Rosy trousers for a fashionable and functional set.<\/p>\n<p>Colour: black<\/p>\n<p>Size: Xs\/S, M\/L<\/p>\n<p>Dimensions:<br \/>\nXS\/S: Sleeve length 76 cm, circumference 65 cm, overall length 55 cm<br \/>\nM\/L: sleeve length 78 cm, circumference 68 cm, total length 60 cm<\/p>\n<p>Dimensions may vary +\/- 1-2 cm<\/p>\n<p>Composition: 97% cotton, 3% elastane<br \/>\nLining: 100% viscose<\/p>\n<p>Manufactured in Poland<\/p>\n<p>Delivery time: up to 7 working days<\/p>","protected":false},"excerpt":{"rendered":"<p>Kurtka kangurka Rosy to idealne po\u0142\u0105czenie wygody i stylu. Wykonana z mi\u0119kkiej bawe\u0142ny z wiskozow\u0105 podszewk\u0105, zapewnia komfort noszenia przez ca\u0142y dzie\u0144. Posiada praktyczny kaptur, regulacj\u0119 w pasie na gumki oraz napy w r\u0119kawach, dzi\u0119ki czemu z [&hellip;]<\/p>","protected":false},"featured_media":14600,"template":"","meta":{"_acf_changed":false},"product_brand":[],"product_cat":[497],"product_tag":[115,153,483],"class_list":{"0":"post-14562","1":"product","2":"type-product","3":"status-publish","4":"has-post-thumbnail","6":"product_cat-kurtki","7":"product_tag-ang","8":"product_tag-angonline-eu","9":"product_tag-czarna-kurtka-ang","11":"first","12":"instock","13":"taxable","14":"shipping-taxable","15":"purchasable","16":"product-type-variable"},"acf":[],"_links":{"self":[{"href":"https:\/\/angonline.eu\/en\/wp-json\/wp\/v2\/product\/14562","targetHints":{"allow":["GET"]}}],"collection":[{"href":"https:\/\/angonline.eu\/en\/wp-json\/wp\/v2\/product"}],"about":[{"href":"https:\/\/angonline.eu\/en\/wp-json\/wp\/v2\/types\/product"}],"wp:featuredmedia":[{"embeddable":true,"href":"https:\/\/angonline.eu\/en\/wp-json\/wp\/v2\/media\/14600"}],"wp:attachment":[{"href":"https:\/\/angonline.eu\/en\/wp-json\/wp\/v2\/media?parent=14562"}],"wp:term":[{"taxonomy":"product_brand","embeddable":true,"href":"https:\/\/angonline.eu\/en\/wp-json\/wp\/v2\/product_brand?post=14562"},{"taxonomy":"product_cat","embeddable":true,"href":"https:\/\/angonline.eu\/en\/wp-json\/wp\/v2\/product_cat?post=14562"},{"taxonomy":"product_tag","embeddable":true,"href":"https:\/\/angonline.eu\/en\/wp-json\/wp\/v2\/product_tag?post=14562"}],"curies":[{"name":"wp","href":"https:\/\/api.w.org\/{rel}","templated":true}]}}