{"id":14566,"date":"2025-08-30T14:05:11","date_gmt":"2025-08-30T12:05:11","guid":{"rendered":"https:\/\/angonline.eu\/?post_type=product&#038;p=14566"},"modified":"2026-04-06T01:11:58","modified_gmt":"2026-04-05T23:11:58","slug":"bezowy-plaszcz-axen","status":"publish","type":"product","link":"https:\/\/angonline.eu\/en\/product\/bezowy-plaszcz-axen\/","title":{"rendered":"BEIGE AXEN COAT"},"content":{"rendered":"<p>The classic AXEN coat with binding is timeless elegance with a modern twist. Thanks to the waist belt, you'll always find the perfect fit - you can tie it up for a highlighted and chic look, or wear it loose for a casual, laid-back feel.<\/p>\n<p>Colour: beige<\/p>\n<p>Size: ONE SIZE<\/p>\n<p>Dimensions:<br \/>\nONE SIZE: width 55 cm, total length 134 cm, shoulder width 47 cm<br \/>\nDimensions may vary +\/- 1-2 cm<\/p>\n<p>Composition: 100% wool<br \/>\nLining: 100% viscose<\/p>\n<p>Manufactured in Poland<\/p>\n<p>Delivery time: up to 7 working days<\/p>","protected":false},"excerpt":{"rendered":"<p>Klasyczny p\u0142aszcz AXEN z wi\u0105zaniem to ponadczasowa elegancja w nowoczesnym wydaniu. Dzi\u0119ki paskowi w talii zawsze dopasujesz go idealnie do swojej sylwetki \u2013 mo\u017cesz go przewi\u0105za\u0107, by uzyska\u0107 podkre\u015blony i szykowny look, albo nosi\u0107 lu\u017ano puszczony dla [&hellip;]<\/p>","protected":false},"featured_media":14634,"template":"","meta":{"_acf_changed":false},"product_brand":[],"product_cat":[183],"product_tag":[115,153,134,484],"class_list":{"0":"post-14566","1":"product","2":"type-product","3":"status-publish","4":"has-post-thumbnail","6":"product_cat-plaszcze","7":"product_tag-ang","8":"product_tag-angonline-eu","9":"product_tag-bezowy-plaszcz","10":"product_tag-bezowy-plaszcz-ang","12":"first","13":"instock","14":"taxable","15":"shipping-taxable","16":"purchasable","17":"product-type-simple"},"acf":[],"_links":{"self":[{"href":"https:\/\/angonline.eu\/en\/wp-json\/wp\/v2\/product\/14566","targetHints":{"allow":["GET"]}}],"collection":[{"href":"https:\/\/angonline.eu\/en\/wp-json\/wp\/v2\/product"}],"about":[{"href":"https:\/\/angonline.eu\/en\/wp-json\/wp\/v2\/types\/product"}],"wp:featuredmedia":[{"embeddable":true,"href":"https:\/\/angonline.eu\/en\/wp-json\/wp\/v2\/media\/14634"}],"wp:attachment":[{"href":"https:\/\/angonline.eu\/en\/wp-json\/wp\/v2\/media?parent=14566"}],"wp:term":[{"taxonomy":"product_brand","embeddable":true,"href":"https:\/\/angonline.eu\/en\/wp-json\/wp\/v2\/product_brand?post=14566"},{"taxonomy":"product_cat","embeddable":true,"href":"https:\/\/angonline.eu\/en\/wp-json\/wp\/v2\/product_cat?post=14566"},{"taxonomy":"product_tag","embeddable":true,"href":"https:\/\/angonline.eu\/en\/wp-json\/wp\/v2\/product_tag?post=14566"}],"curies":[{"name":"wp","href":"https:\/\/api.w.org\/{rel}","templated":true}]}}