{"id":14573,"date":"2025-08-30T14:14:37","date_gmt":"2025-08-30T12:14:37","guid":{"rendered":"https:\/\/angonline.eu\/?post_type=product&#038;p=14573"},"modified":"2026-04-06T01:11:17","modified_gmt":"2026-04-05T23:11:17","slug":"bokserka-cami","status":"publish","type":"product","link":"https:\/\/angonline.eu\/en\/product\/bokserka-cami\/","title":{"rendered":"EMY'S BOXER"},"content":{"rendered":"<p>The EMY boxer brief is the quintessence of subtle sensuality. Lightweight, semi-transparent and made of delicate viscose with a ribbed texture, it softly wraps the silhouette and naturally follows every movement. The minimalist cut with a prominent neckline gives it a timeless feel. Wear it solo with lingerie to emphasise its lightness and sensuality, or team it with a blazer or oversize shirt for a style full of understated elegance.<\/p>\n<p>Size: Xs, S, M, L<\/p>\n<p>Dimensions:<br \/>\nXS: length 62 cm, width 41 cm<br \/>\nS: length 62 cm, width 43 cm<br \/>\nM: length 63 cm, width 45 cm<br \/>\nL: length 63 cm, width 47 cm<br \/>\nDimensions may vary +\/- 1-2 cm<\/p>\n<p>Composition: 100% viscose<\/p>\n<p>Manufactured in Poland<\/p>\n<p>Delivery time: up to 7 working days<\/p>","protected":false},"excerpt":{"rendered":"<p>Bokserka EMY to kwintesencja subtelnej zmys\u0142owo\u015bci. Lekka, p\u00f3\u0142-transparentna i wykonana z delikatnej wiskozy o pr\u0105\u017ckowanej fakturze, mi\u0119kko otula sylwetk\u0119 i naturalnie pod\u0105\u017ca za ka\u017cdym ruchem. Minimalistyczny kr\u00f3j z wyra\u017anie zaznaczonym dekoltem nadaje jej ponadczasowy charakter. No\u015b j\u0105 [&hellip;]<\/p>","protected":false},"featured_media":14607,"template":"","meta":{"_acf_changed":false},"product_brand":[],"product_cat":[61],"product_tag":[115,153,485],"class_list":{"0":"post-14573","1":"product","2":"type-product","3":"status-publish","4":"has-post-thumbnail","6":"product_cat-bluza","7":"product_tag-ang","8":"product_tag-angonline-eu","9":"product_tag-bokserka-ang","11":"first","12":"instock","13":"taxable","14":"shipping-taxable","15":"purchasable","16":"product-type-variable"},"acf":[],"_links":{"self":[{"href":"https:\/\/angonline.eu\/en\/wp-json\/wp\/v2\/product\/14573","targetHints":{"allow":["GET"]}}],"collection":[{"href":"https:\/\/angonline.eu\/en\/wp-json\/wp\/v2\/product"}],"about":[{"href":"https:\/\/angonline.eu\/en\/wp-json\/wp\/v2\/types\/product"}],"wp:featuredmedia":[{"embeddable":true,"href":"https:\/\/angonline.eu\/en\/wp-json\/wp\/v2\/media\/14607"}],"wp:attachment":[{"href":"https:\/\/angonline.eu\/en\/wp-json\/wp\/v2\/media?parent=14573"}],"wp:term":[{"taxonomy":"product_brand","embeddable":true,"href":"https:\/\/angonline.eu\/en\/wp-json\/wp\/v2\/product_brand?post=14573"},{"taxonomy":"product_cat","embeddable":true,"href":"https:\/\/angonline.eu\/en\/wp-json\/wp\/v2\/product_cat?post=14573"},{"taxonomy":"product_tag","embeddable":true,"href":"https:\/\/angonline.eu\/en\/wp-json\/wp\/v2\/product_tag?post=14573"}],"curies":[{"name":"wp","href":"https:\/\/api.w.org\/{rel}","templated":true}]}}