{"id":14581,"date":"2025-08-31T09:35:39","date_gmt":"2025-08-31T07:35:39","guid":{"rendered":"https:\/\/angonline.eu\/?post_type=product&#038;p=14581"},"modified":"2026-04-12T11:42:05","modified_gmt":"2026-04-12T09:42:05","slug":"bezowy-plaszcz-ros","status":"publish","type":"product","link":"https:\/\/angonline.eu\/en\/product\/bezowy-plaszcz-ros\/","title":{"rendered":"BEIGE COAT ROS"},"content":{"rendered":"<p>The beige ROS coat is a timeless classic that will stay with you for years to come.<br \/>\nThanks to the cushioned raglan sleeves, it gains a unique shape and character, accentuating the silhouette and adding to the overall elegance. The perfect choice for colder days, versatile, stylish and always on trend.<\/p>\n<p>Size: one size<\/p>\n<p>Dimensions: total length 134 cm, sleeve length 76 cm, width 50 cm<\/p>\n<p>Dimensions may vary +\/- 1-2 cm<\/p>\n<p>&nbsp;<\/p>\n<p>Composition: 95% cotton, 5% elastane<br \/>\nLining: 100% viscose<\/p>\n<p>Manufactured in Poland<\/p>\n<p>Delivery time: up to 7 working days<\/p>","protected":false},"excerpt":{"rendered":"<p>Be\u017cowy p\u0142aszcz ROS to ponadczasowy klasyk, kt\u00f3ry zostanie z Tob\u0105 na lata. Dzi\u0119ki poduszkom w r\u0119kawach raglanowych zyskuje wyj\u0105tkowy kszta\u0142t i charakter, podkre\u015blaj\u0105c sylwetk\u0119 i dodaj\u0105c ca\u0142o\u015bci elegancji. Idealny wyb\u00f3r na ch\u0142odniejsze dni, uniwersalny, stylowy i zawsze [&hellip;]<\/p>","protected":false},"featured_media":14592,"template":"","meta":{"_acf_changed":false},"product_brand":[],"product_cat":[183],"product_tag":[115,153,484],"class_list":{"0":"post-14581","1":"product","2":"type-product","3":"status-publish","4":"has-post-thumbnail","6":"product_cat-plaszcze","7":"product_tag-ang","8":"product_tag-angonline-eu","9":"product_tag-bezowy-plaszcz-ang","11":"first","12":"instock","13":"taxable","14":"shipping-taxable","15":"purchasable","16":"product-type-simple"},"acf":[],"_links":{"self":[{"href":"https:\/\/angonline.eu\/en\/wp-json\/wp\/v2\/product\/14581","targetHints":{"allow":["GET"]}}],"collection":[{"href":"https:\/\/angonline.eu\/en\/wp-json\/wp\/v2\/product"}],"about":[{"href":"https:\/\/angonline.eu\/en\/wp-json\/wp\/v2\/types\/product"}],"wp:featuredmedia":[{"embeddable":true,"href":"https:\/\/angonline.eu\/en\/wp-json\/wp\/v2\/media\/14592"}],"wp:attachment":[{"href":"https:\/\/angonline.eu\/en\/wp-json\/wp\/v2\/media?parent=14581"}],"wp:term":[{"taxonomy":"product_brand","embeddable":true,"href":"https:\/\/angonline.eu\/en\/wp-json\/wp\/v2\/product_brand?post=14581"},{"taxonomy":"product_cat","embeddable":true,"href":"https:\/\/angonline.eu\/en\/wp-json\/wp\/v2\/product_cat?post=14581"},{"taxonomy":"product_tag","embeddable":true,"href":"https:\/\/angonline.eu\/en\/wp-json\/wp\/v2\/product_tag?post=14581"}],"curies":[{"name":"wp","href":"https:\/\/api.w.org\/{rel}","templated":true}]}}