{"id":16149,"date":"2026-04-05T13:17:22","date_gmt":"2026-04-05T11:17:22","guid":{"rendered":"https:\/\/angonline.eu\/?post_type=product&#038;p=16149"},"modified":"2026-04-15T19:22:57","modified_gmt":"2026-04-15T17:22:57","slug":"biala-koszula-calen","status":"publish","type":"product","link":"https:\/\/angonline.eu\/en\/product\/biala-koszula-calen\/","title":{"rendered":"BIA\u0141A KOSZULA CALEN"},"content":{"rendered":"<p>Bia\u0142a koszula z wysokiej jako\u015bci bawe\u0142ny o klasycznym, ponadczasowym fasonie. Posiada odpinane poduszki, dzi\u0119ki kt\u00f3rym mo\u017cesz \u0142atwo zmieni\u0107 jej charakter \u2014 od minimalistycznego po bardziej wyrazisty. \u015awietnie sprawdzi si\u0119 zar\u00f3wno w eleganckich, jak i codziennych stylizacjach, daj\u0105c du\u017c\u0105 swobod\u0119 w tworzeniu r\u00f3\u017cnych look\u00f3w.<\/p>\n<p>Colour: White<\/p>\n<p>Size: One size<\/p>\n<p>Dimensions:<br \/>\nObw\u00f3d w klatce 60 cm; \u2028D\u0142ugo\u015b\u0107 r\u0119kawa 65 cm; D\u0142ugo\u015b\u0107 ca\u0142kowita 73 cm<\/p>\n<p>Composition: 97% cotton, 3% elastane<\/p>\n<p>Manufactured in Poland<\/p>\n<p>Delivery time: up to 7 working days<\/p>","protected":false},"excerpt":{"rendered":"<p>Bia\u0142a koszula z wysokiej jako\u015bci bawe\u0142ny o klasycznym, ponadczasowym fasonie. Posiada odpinane poduszki, dzi\u0119ki kt\u00f3rym mo\u017cesz \u0142atwo zmieni\u0107 jej charakter \u2014 od minimalistycznego po bardziej wyrazisty. \u015awietnie sprawdzi si\u0119 zar\u00f3wno w eleganckich, jak i codziennych stylizacjach, daj\u0105c [&hellip;]<\/p>","protected":false},"featured_media":16152,"template":"","meta":{"_acf_changed":false},"product_brand":[],"product_cat":[77,15],"product_tag":[115,153,429],"class_list":{"0":"post-16149","1":"product","2":"type-product","3":"status-publish","4":"has-post-thumbnail","6":"product_cat-koszule","7":"product_cat-nowosci","8":"product_tag-ang","9":"product_tag-angonline-eu","10":"product_tag-biala-koszula-ang","12":"first","13":"instock","14":"taxable","15":"shipping-taxable","16":"purchasable","17":"product-type-simple"},"acf":[],"_links":{"self":[{"href":"https:\/\/angonline.eu\/en\/wp-json\/wp\/v2\/product\/16149","targetHints":{"allow":["GET"]}}],"collection":[{"href":"https:\/\/angonline.eu\/en\/wp-json\/wp\/v2\/product"}],"about":[{"href":"https:\/\/angonline.eu\/en\/wp-json\/wp\/v2\/types\/product"}],"wp:featuredmedia":[{"embeddable":true,"href":"https:\/\/angonline.eu\/en\/wp-json\/wp\/v2\/media\/16152"}],"wp:attachment":[{"href":"https:\/\/angonline.eu\/en\/wp-json\/wp\/v2\/media?parent=16149"}],"wp:term":[{"taxonomy":"product_brand","embeddable":true,"href":"https:\/\/angonline.eu\/en\/wp-json\/wp\/v2\/product_brand?post=16149"},{"taxonomy":"product_cat","embeddable":true,"href":"https:\/\/angonline.eu\/en\/wp-json\/wp\/v2\/product_cat?post=16149"},{"taxonomy":"product_tag","embeddable":true,"href":"https:\/\/angonline.eu\/en\/wp-json\/wp\/v2\/product_tag?post=16149"}],"curies":[{"name":"wp","href":"https:\/\/api.w.org\/{rel}","templated":true}]}}