{"id":16177,"date":"2026-04-05T13:24:07","date_gmt":"2026-04-05T11:24:07","guid":{"rendered":"https:\/\/angonline.eu\/?post_type=product&#038;p=16177"},"modified":"2026-04-11T12:42:17","modified_gmt":"2026-04-11T10:42:17","slug":"rozowa-koszula-calen","status":"publish","type":"product","link":"https:\/\/angonline.eu\/en\/product\/rozowa-koszula-calen\/","title":{"rendered":"R\u00d3\u017bOWA KOSZULA CALEN"},"content":{"rendered":"<p>Bia\u0142a koszula z wysokiej jako\u015bci bawe\u0142ny o klasycznym, ponadczasowym fasonie. Posiada odpinane poduszki, dzi\u0119ki kt\u00f3rym mo\u017cesz \u0142atwo zmieni\u0107 jej charakter \u2014 od minimalistycznego po bardziej wyrazisty. \u015awietnie sprawdzi si\u0119 zar\u00f3wno w eleganckich, jak i codziennych stylizacjach, daj\u0105c du\u017c\u0105 swobod\u0119 w tworzeniu r\u00f3\u017cnych look\u00f3w.<\/p>\n<p>Kolor: R\u00f3\u017cowy<\/p>\n<p>Size: One size<\/p>\n<p>Dimensions:<br \/>\nObw\u00f3d w klatce 60 cm; \u2028D\u0142ugo\u015b\u0107 r\u0119kawa 65 cm; D\u0142ugo\u015b\u0107 ca\u0142kowita 73 cm<\/p>\n<p>Sk\u0142ad: 96% bawe\u0142na, 4% elastan<\/p>\n<p>Manufactured in Poland<\/p>\n<p>Delivery time: up to 7 working days<\/p>","protected":false},"excerpt":{"rendered":"<p>Bia\u0142a koszula z wysokiej jako\u015bci bawe\u0142ny o klasycznym, ponadczasowym fasonie. Posiada odpinane poduszki, dzi\u0119ki kt\u00f3rym mo\u017cesz \u0142atwo zmieni\u0107 jej charakter \u2014 od minimalistycznego po bardziej wyrazisty. \u015awietnie sprawdzi si\u0119 zar\u00f3wno w eleganckich, jak i codziennych stylizacjach, daj\u0105c [&hellip;]<\/p>","protected":false},"featured_media":16180,"template":"","meta":{"_acf_changed":false},"product_brand":[],"product_cat":[77,15],"product_tag":[115,153,490],"class_list":{"0":"post-16177","1":"product","2":"type-product","3":"status-publish","4":"has-post-thumbnail","6":"product_cat-koszule","7":"product_cat-nowosci","8":"product_tag-ang","9":"product_tag-angonline-eu","10":"product_tag-rozowa-koszula-ang","12":"first","13":"instock","14":"taxable","15":"shipping-taxable","16":"purchasable","17":"product-type-simple"},"acf":[],"_links":{"self":[{"href":"https:\/\/angonline.eu\/en\/wp-json\/wp\/v2\/product\/16177","targetHints":{"allow":["GET"]}}],"collection":[{"href":"https:\/\/angonline.eu\/en\/wp-json\/wp\/v2\/product"}],"about":[{"href":"https:\/\/angonline.eu\/en\/wp-json\/wp\/v2\/types\/product"}],"wp:featuredmedia":[{"embeddable":true,"href":"https:\/\/angonline.eu\/en\/wp-json\/wp\/v2\/media\/16180"}],"wp:attachment":[{"href":"https:\/\/angonline.eu\/en\/wp-json\/wp\/v2\/media?parent=16177"}],"wp:term":[{"taxonomy":"product_brand","embeddable":true,"href":"https:\/\/angonline.eu\/en\/wp-json\/wp\/v2\/product_brand?post=16177"},{"taxonomy":"product_cat","embeddable":true,"href":"https:\/\/angonline.eu\/en\/wp-json\/wp\/v2\/product_cat?post=16177"},{"taxonomy":"product_tag","embeddable":true,"href":"https:\/\/angonline.eu\/en\/wp-json\/wp\/v2\/product_tag?post=16177"}],"curies":[{"name":"wp","href":"https:\/\/api.w.org\/{rel}","templated":true}]}}