{"id":16202,"date":"2026-04-05T13:37:34","date_gmt":"2026-04-05T11:37:34","guid":{"rendered":"https:\/\/angonline.eu\/?post_type=product&#038;p=16202"},"modified":"2026-04-13T22:12:06","modified_gmt":"2026-04-13T20:12:06","slug":"marynarka-vanillia-velan","status":"publish","type":"product","link":"https:\/\/angonline.eu\/en\/product\/marynarka-vanillia-velan\/","title":{"rendered":"MARYNARKA VANILLIA VELAN"},"content":{"rendered":"<p>Marynarka Velan w odcieniu Vanilia to po\u0142\u0105czenie klasyki i nowoczesnej formy. Wykonana z wysokiej jako\u015bci we\u0142ny, wyr\u00f3\u017cnia si\u0119 dopracowanym fasonem z delikatnie zaznaczon\u0105 lini\u0105 ramion, kt\u00f3ra nadaje sylwetce charakteru.<\/p>\n<p>Lekko skr\u00f3cony kr\u00f3j i subtelne marszczenia w talii tworz\u0105 ciekaw\u0105, kobiec\u0105 form\u0119, a klasyczny ko\u0142nierz i minimalistyczne wyko\u0144czenie sprawiaj\u0105, \u017ce model pozostaje ponadczasowy.<\/p>\n<p>\u015awietnie sprawdzi si\u0119 zar\u00f3wno w eleganckich stylizacjach, jak i w bardziej codziennym wydaniu.<\/p>\n<p>Dimensions:<br \/>\nXS\/S: szeroko\u015b\u0107 ramion 46 cm, D\u0142ugo\u015b\u0107 rekawa 60 cm, obw\u00f3d 62 cm, d\u0142ugo\u015b\u0107 ca\u0142kowita 46 cm<br \/>\nM\/L: szeroko\u015b\u0107 ramion 47 cm, d\u0142ugo\u015b\u0107 r\u0119kawa 61 cm, obw\u00f3d 65 cm, d\u0142ugo\u015b\u0107 ca\u0142kowita 47 cm<\/p>\n<p>Sk\u0142ad: 50% we\u0142na, 50% bawe\u0142na<br \/>\nLining: 100% viscose<\/p>","protected":false},"excerpt":{"rendered":"<p>Marynarka Velan w odcieniu Vanilia to po\u0142\u0105czenie klasyki i nowoczesnej formy. Wykonana z wysokiej jako\u015bci we\u0142ny, wyr\u00f3\u017cnia si\u0119 dopracowanym fasonem z delikatnie zaznaczon\u0105 lini\u0105 ramion, kt\u00f3ra nadaje sylwetce charakteru. Lekko skr\u00f3cony kr\u00f3j i subtelne marszczenia w talii [&hellip;]<\/p>","protected":false},"featured_media":16535,"template":"","meta":{"_acf_changed":false},"product_brand":[],"product_cat":[107,15],"product_tag":[115,153,164],"class_list":{"0":"post-16202","1":"product","2":"type-product","3":"status-publish","4":"has-post-thumbnail","6":"product_cat-marynarki","7":"product_cat-nowosci","8":"product_tag-ang","9":"product_tag-angonline-eu","10":"product_tag-marynarka-ang","12":"first","13":"outofstock","14":"taxable","15":"shipping-taxable","16":"purchasable","17":"product-type-variable"},"acf":[],"_links":{"self":[{"href":"https:\/\/angonline.eu\/en\/wp-json\/wp\/v2\/product\/16202","targetHints":{"allow":["GET"]}}],"collection":[{"href":"https:\/\/angonline.eu\/en\/wp-json\/wp\/v2\/product"}],"about":[{"href":"https:\/\/angonline.eu\/en\/wp-json\/wp\/v2\/types\/product"}],"wp:featuredmedia":[{"embeddable":true,"href":"https:\/\/angonline.eu\/en\/wp-json\/wp\/v2\/media\/16535"}],"wp:attachment":[{"href":"https:\/\/angonline.eu\/en\/wp-json\/wp\/v2\/media?parent=16202"}],"wp:term":[{"taxonomy":"product_brand","embeddable":true,"href":"https:\/\/angonline.eu\/en\/wp-json\/wp\/v2\/product_brand?post=16202"},{"taxonomy":"product_cat","embeddable":true,"href":"https:\/\/angonline.eu\/en\/wp-json\/wp\/v2\/product_cat?post=16202"},{"taxonomy":"product_tag","embeddable":true,"href":"https:\/\/angonline.eu\/en\/wp-json\/wp\/v2\/product_tag?post=16202"}],"curies":[{"name":"wp","href":"https:\/\/api.w.org\/{rel}","templated":true}]}}