{"id":16225,"date":"2026-04-05T13:47:29","date_gmt":"2026-04-05T11:47:29","guid":{"rendered":"https:\/\/angonline.eu\/?post_type=product&#038;p=16225"},"modified":"2026-04-13T13:35:06","modified_gmt":"2026-04-13T11:35:06","slug":"czarny-t-shirt-vexo","status":"publish","type":"product","link":"https:\/\/angonline.eu\/en\/product\/czarny-t-shirt-vexo\/","title":{"rendered":"CZARNY T-SHIRT VEXO"},"content":{"rendered":"<p>Bawe\u0142niany, klasyczny T-shirt w odcieniu czarnym, wykonany z wysokiej jako\u015bci bawe\u0142ny. Model z dekoltem w kszta\u0142cie litery V subtelnie podkre\u015bla sylwetk\u0119. Posiada odpinane poduszki, kt\u00f3re zapewniaj\u0105 wygod\u0119 i mo\u017cliwo\u015b\u0107 dopasowania. Idealny jako baza do codziennych stylizacji.<\/p>\n<p>Size: Xs\/S, M\/L<\/p>\n<p>Dimensions:<\/p>\n<p>Xs\/S: d\u0142ugo\u015b\u0107 ca\u0142kowita: 67 cm, szeroko\u015b\u0107 56 cm, szeroko\u015b\u0107 ramion 47 cm<\/p>\n<p>M\/L: d\u0142ugo\u015b\u0107 ca\u0142kowita 69 cm, szeroko\u015b\u0107 59 cm, szeroko\u015b\u0107 ramion 48 cm<\/p>\n<p>Dimensions may vary +\/- 1-2 cm<\/p>\n<p>Maximum product shrinkage up to 5%<\/p>\n<p>Made in Poland<\/p>\n<p>Composition: 92% cotton, 8% elastane<\/p>\n<p>Delivery time: up to 7 working days<\/p>","protected":false},"excerpt":{"rendered":"<p>Bawe\u0142niany, klasyczny T-shirt w odcieniu czarnym, wykonany z wysokiej jako\u015bci bawe\u0142ny. Model z dekoltem w kszta\u0142cie litery V subtelnie podkre\u015bla sylwetk\u0119. Posiada odpinane poduszki, kt\u00f3re zapewniaj\u0105 wygod\u0119 i mo\u017cliwo\u015b\u0107 dopasowania. Idealny jako baza do codziennych stylizacji. Rozmiar: [&hellip;]<\/p>","protected":false},"featured_media":16226,"template":"","meta":{"_acf_changed":false},"product_brand":[],"product_cat":[15,62],"product_tag":[115,153,451],"class_list":{"0":"post-16225","1":"product","2":"type-product","3":"status-publish","4":"has-post-thumbnail","6":"product_cat-nowosci","7":"product_cat-t-shirt","8":"product_tag-ang","9":"product_tag-angonline-eu","10":"product_tag-t-shirt-ang","12":"first","13":"instock","14":"taxable","15":"shipping-taxable","16":"purchasable","17":"product-type-variable"},"acf":[],"_links":{"self":[{"href":"https:\/\/angonline.eu\/en\/wp-json\/wp\/v2\/product\/16225","targetHints":{"allow":["GET"]}}],"collection":[{"href":"https:\/\/angonline.eu\/en\/wp-json\/wp\/v2\/product"}],"about":[{"href":"https:\/\/angonline.eu\/en\/wp-json\/wp\/v2\/types\/product"}],"wp:featuredmedia":[{"embeddable":true,"href":"https:\/\/angonline.eu\/en\/wp-json\/wp\/v2\/media\/16226"}],"wp:attachment":[{"href":"https:\/\/angonline.eu\/en\/wp-json\/wp\/v2\/media?parent=16225"}],"wp:term":[{"taxonomy":"product_brand","embeddable":true,"href":"https:\/\/angonline.eu\/en\/wp-json\/wp\/v2\/product_brand?post=16225"},{"taxonomy":"product_cat","embeddable":true,"href":"https:\/\/angonline.eu\/en\/wp-json\/wp\/v2\/product_cat?post=16225"},{"taxonomy":"product_tag","embeddable":true,"href":"https:\/\/angonline.eu\/en\/wp-json\/wp\/v2\/product_tag?post=16225"}],"curies":[{"name":"wp","href":"https:\/\/api.w.org\/{rel}","templated":true}]}}