{"id":16233,"date":"2026-04-05T15:39:44","date_gmt":"2026-04-05T13:39:44","guid":{"rendered":"https:\/\/angonline.eu\/?post_type=product&#038;p=16233"},"modified":"2026-04-10T18:44:26","modified_gmt":"2026-04-10T16:44:26","slug":"plaszcz-milo","status":"publish","type":"product","link":"https:\/\/angonline.eu\/en\/product\/plaszcz-milo\/","title":{"rendered":"P\u0141ASZCZ MILO"},"content":{"rendered":"<p>P\u0142aszcz MILO to elegancki, d\u0142ugi model wykonany z wysokiej jako\u015bci, grubszego w\u0142oskiego tencelu. Osadzony na poduszkach, zachwyca swoj\u0105 form\u0105 i perfekcyjnym uk\u0142adaniem si\u0119 na sylwetce. Model nie posiada podszewki, dzi\u0119ki czemu \u015bwietnie sprawdzi si\u0119 w sezonie letnio-jesiennym, a starannie dobrany materia\u0142 sprawia, \u017ce p\u0142aszcz pi\u0119knie si\u0119 uk\u0142ada i zapewnia komfort noszenia na co dzie\u0144.<\/p>\n<p>Size: one size<\/p>\n<p>Wymiary:\u2028d\u0142ugo\u015b\u0107 ca\u0142kowita 134 cm, d\u0142ugo\u015b\u0107 r\u0119kawa 76 cm, szeroko\u015b\u0107 73 cm<br \/>\nDimensions may vary +\/- 1-2 cm<\/p>\n<p>Sk\u0142ad: 94% tencel, 6% elastan<\/p>\n<p>Manufactured in Poland<\/p>\n<p>Delivery time: up to 7 working days<\/p>","protected":false},"excerpt":{"rendered":"<p>P\u0142aszcz MILO to elegancki, d\u0142ugi model wykonany z wysokiej jako\u015bci, grubszego w\u0142oskiego tencelu. Osadzony na poduszkach, zachwyca swoj\u0105 form\u0105 i perfekcyjnym uk\u0142adaniem si\u0119 na sylwetce. Model nie posiada podszewki, dzi\u0119ki czemu \u015bwietnie sprawdzi si\u0119 w sezonie letnio-jesiennym, [&hellip;]<\/p>","protected":false},"featured_media":16234,"template":"","meta":{"_acf_changed":false},"product_brand":[],"product_cat":[15,183],"product_tag":[115,153,184],"class_list":{"0":"post-16233","1":"product","2":"type-product","3":"status-publish","4":"has-post-thumbnail","6":"product_cat-nowosci","7":"product_cat-plaszcze","8":"product_tag-ang","9":"product_tag-angonline-eu","10":"product_tag-plaszcz-ang","12":"first","13":"instock","14":"taxable","15":"shipping-taxable","16":"purchasable","17":"product-type-simple"},"acf":[],"_links":{"self":[{"href":"https:\/\/angonline.eu\/en\/wp-json\/wp\/v2\/product\/16233","targetHints":{"allow":["GET"]}}],"collection":[{"href":"https:\/\/angonline.eu\/en\/wp-json\/wp\/v2\/product"}],"about":[{"href":"https:\/\/angonline.eu\/en\/wp-json\/wp\/v2\/types\/product"}],"wp:featuredmedia":[{"embeddable":true,"href":"https:\/\/angonline.eu\/en\/wp-json\/wp\/v2\/media\/16234"}],"wp:attachment":[{"href":"https:\/\/angonline.eu\/en\/wp-json\/wp\/v2\/media?parent=16233"}],"wp:term":[{"taxonomy":"product_brand","embeddable":true,"href":"https:\/\/angonline.eu\/en\/wp-json\/wp\/v2\/product_brand?post=16233"},{"taxonomy":"product_cat","embeddable":true,"href":"https:\/\/angonline.eu\/en\/wp-json\/wp\/v2\/product_cat?post=16233"},{"taxonomy":"product_tag","embeddable":true,"href":"https:\/\/angonline.eu\/en\/wp-json\/wp\/v2\/product_tag?post=16233"}],"curies":[{"name":"wp","href":"https:\/\/api.w.org\/{rel}","templated":true}]}}