{"id":16244,"date":"2026-04-05T15:46:46","date_gmt":"2026-04-05T13:46:46","guid":{"rendered":"https:\/\/angonline.eu\/?post_type=product&#038;p=16244"},"modified":"2026-04-14T13:02:26","modified_gmt":"2026-04-14T11:02:26","slug":"off-white-spodnie-tavon","status":"publish","type":"product","link":"https:\/\/angonline.eu\/en\/product\/off-white-spodnie-tavon\/","title":{"rendered":"OFF WHITE SPODNIE TAVON"},"content":{"rendered":"<p>Stylowe spodnie z wysokim stanem i lu\u017aniejsz\u0105 nogawk\u0105, kt\u00f3re pi\u0119knie podkre\u015blaj\u0105 sylwetk\u0119 i zapewniaj\u0105 wygod\u0119 noszenia. Klasyczny kr\u00f3j sprawia, \u017ce \u015bwietnie sprawdz\u0105 si\u0119 zar\u00f3wno w eleganckich, jak i codziennych stylizacjach. Idealne do koszuli, topu lub marynarki.<\/p>\n<p>Trouser dimensions:<br \/>\nXs: d\u0142ugo\u015b\u0107 ca\u0142kowit\u0105 109 cm, szeroko\u015b\u0107 w pasie 70 cm, szeroko\u015b\u0107 w biodrach 108cm<br \/>\nS: d\u0142ugo\u015b\u0107 ca\u0142kowit\u0105 109 cm, szeroko\u015b\u0107 w pasie 72 cm, szeroko\u015b\u0107 w biodrach 112cm<br \/>\nM: d\u0142ugo\u015b\u0107 ca\u0142kowit\u0105 109 cm, szeroko\u015b\u0107 w pasie 74 cm, szeroko\u015b\u0107 w biodrach 116cm<br \/>\nL: d\u0142ugo\u015b\u0107 ca\u0142kowit\u0105 109 cm, szeroko\u015b\u0107 w pasie 76 cm, szeroko\u015b\u0107 w biodrach 120cm<\/p>\n<p>Composition: 26% viscose 70% polyester 4% elastane<\/p>\n<p>Manufactured in Poland<\/p>\n<p>Delivery time: up to 7 working days<\/p>","protected":false},"excerpt":{"rendered":"<p>Stylowe spodnie z wysokim stanem i lu\u017aniejsz\u0105 nogawk\u0105, kt\u00f3re pi\u0119knie podkre\u015blaj\u0105 sylwetk\u0119 i zapewniaj\u0105 wygod\u0119 noszenia. Klasyczny kr\u00f3j sprawia, \u017ce \u015bwietnie sprawdz\u0105 si\u0119 zar\u00f3wno w eleganckich, jak i codziennych stylizacjach. Idealne do koszuli, topu lub marynarki. Wymiary [&hellip;]<\/p>","protected":false},"featured_media":16249,"template":"","meta":{"_acf_changed":false},"product_brand":[],"product_cat":[15,64],"product_tag":[115,153,155],"class_list":{"0":"post-16244","1":"product","2":"type-product","3":"status-publish","4":"has-post-thumbnail","6":"product_cat-nowosci","7":"product_cat-spodnie","8":"product_tag-ang","9":"product_tag-angonline-eu","10":"product_tag-off-white-spodnie-ang","12":"first","13":"instock","14":"taxable","15":"shipping-taxable","16":"purchasable","17":"product-type-variable"},"acf":[],"_links":{"self":[{"href":"https:\/\/angonline.eu\/en\/wp-json\/wp\/v2\/product\/16244","targetHints":{"allow":["GET"]}}],"collection":[{"href":"https:\/\/angonline.eu\/en\/wp-json\/wp\/v2\/product"}],"about":[{"href":"https:\/\/angonline.eu\/en\/wp-json\/wp\/v2\/types\/product"}],"wp:featuredmedia":[{"embeddable":true,"href":"https:\/\/angonline.eu\/en\/wp-json\/wp\/v2\/media\/16249"}],"wp:attachment":[{"href":"https:\/\/angonline.eu\/en\/wp-json\/wp\/v2\/media?parent=16244"}],"wp:term":[{"taxonomy":"product_brand","embeddable":true,"href":"https:\/\/angonline.eu\/en\/wp-json\/wp\/v2\/product_brand?post=16244"},{"taxonomy":"product_cat","embeddable":true,"href":"https:\/\/angonline.eu\/en\/wp-json\/wp\/v2\/product_cat?post=16244"},{"taxonomy":"product_tag","embeddable":true,"href":"https:\/\/angonline.eu\/en\/wp-json\/wp\/v2\/product_tag?post=16244"}],"curies":[{"name":"wp","href":"https:\/\/api.w.org\/{rel}","templated":true}]}}