{"id":16262,"date":"2026-04-05T15:53:08","date_gmt":"2026-04-05T13:53:08","guid":{"rendered":"https:\/\/angonline.eu\/?post_type=product&#038;p=16262"},"modified":"2026-04-14T13:02:26","modified_gmt":"2026-04-14T11:02:26","slug":"marynarka-tavon","status":"publish","type":"product","link":"https:\/\/angonline.eu\/en\/product\/marynarka-tavon\/","title":{"rendered":"OFF-WHITE MARYNARKA TAVON"},"content":{"rendered":"<p>Elegancka, ponadczasowa marynarka w odcieniu off white, stworzona z my\u015bl\u0105 o wyj\u0105tkowych okazjach. Model o klasycznym, lekko dopasowanym kroju pi\u0119knie podkre\u015bla sylwetk\u0119, zapewniaj\u0105c jednocze\u015bnie komfort noszenia.<\/p>\n<p>Wyj\u0105tkowego charakteru nadaj\u0105 jej szalowe klapy wyko\u0144czone subtelnym po\u0142yskiem, kt\u00f3re przyci\u0105gaj\u0105 wzrok i dodaj\u0105 stylizacji luksusowego wyrazu. G\u0142adka struktura materia\u0142u oraz minimalistyczne wyko\u0144czenie sprawiaj\u0105, \u017ce marynarka doskonale wpisuje si\u0119 zar\u00f3wno w formalne, jak i nowoczesne zestawy.<\/p>\n<p>Model posiada delikatnie zaznaczon\u0105 lini\u0119 ramion, kieszonk\u0119 na piersi oraz starannie wyko\u0144czone wn\u0119trze, co podkre\u015bla jego wysok\u0105 jako\u015b\u0107. Idealna w po\u0142\u0105czeniu ze spodniami garniturowymi, ale r\u00f3wnie\u017c jako kontrastowy element stylizacji z sukienk\u0105 czy jeansami.<\/p>\n<p>Colour: off white<br \/>\nSize: Xs\/S, M\/L<\/p>\n<p>Wymiary Xs\/S: Szeroko\u015b\u0107 ramion 46 cm; D\u0142ugo\u015b\u0107 r\u0119kawa 64 cm; D\u0142ugo\u015b\u0107 ca\u0142kowita 64 cm<br \/>\nWymiary M\/L: Szeroko\u015b\u0107 ramion 50 cm; Obw\u00f3d D\u0142ugo\u015b\u0107 rekawa 65 cm; D\u0142ugo\u015b\u0107 ca\u0142kowita 65cm<\/p>\n<p>Composition: 26% viscose 70% polyester 4% elastane<br \/>\nManufactured in Poland<\/p>\n<p>Delivery time: up to 7 working days<\/p>","protected":false},"excerpt":{"rendered":"<p>Elegancka, ponadczasowa marynarka w odcieniu off white, stworzona z my\u015bl\u0105 o wyj\u0105tkowych okazjach. Model o klasycznym, lekko dopasowanym kroju pi\u0119knie podkre\u015bla sylwetk\u0119, zapewniaj\u0105c jednocze\u015bnie komfort noszenia. Wyj\u0105tkowego charakteru nadaj\u0105 jej szalowe klapy wyko\u0144czone subtelnym po\u0142yskiem, kt\u00f3re przyci\u0105gaj\u0105 [&hellip;]<\/p>","protected":false},"featured_media":16265,"template":"","meta":{"_acf_changed":false},"product_brand":[],"product_cat":[107,15],"product_tag":[115,153,164],"class_list":{"0":"post-16262","1":"product","2":"type-product","3":"status-publish","4":"has-post-thumbnail","6":"product_cat-marynarki","7":"product_cat-nowosci","8":"product_tag-ang","9":"product_tag-angonline-eu","10":"product_tag-marynarka-ang","12":"first","13":"instock","14":"taxable","15":"shipping-taxable","16":"purchasable","17":"product-type-variable"},"acf":[],"_links":{"self":[{"href":"https:\/\/angonline.eu\/en\/wp-json\/wp\/v2\/product\/16262","targetHints":{"allow":["GET"]}}],"collection":[{"href":"https:\/\/angonline.eu\/en\/wp-json\/wp\/v2\/product"}],"about":[{"href":"https:\/\/angonline.eu\/en\/wp-json\/wp\/v2\/types\/product"}],"wp:featuredmedia":[{"embeddable":true,"href":"https:\/\/angonline.eu\/en\/wp-json\/wp\/v2\/media\/16265"}],"wp:attachment":[{"href":"https:\/\/angonline.eu\/en\/wp-json\/wp\/v2\/media?parent=16262"}],"wp:term":[{"taxonomy":"product_brand","embeddable":true,"href":"https:\/\/angonline.eu\/en\/wp-json\/wp\/v2\/product_brand?post=16262"},{"taxonomy":"product_cat","embeddable":true,"href":"https:\/\/angonline.eu\/en\/wp-json\/wp\/v2\/product_cat?post=16262"},{"taxonomy":"product_tag","embeddable":true,"href":"https:\/\/angonline.eu\/en\/wp-json\/wp\/v2\/product_tag?post=16262"}],"curies":[{"name":"wp","href":"https:\/\/api.w.org\/{rel}","templated":true}]}}