{"id":16281,"date":"2026-04-05T16:02:25","date_gmt":"2026-04-05T14:02:25","guid":{"rendered":"https:\/\/angonline.eu\/?post_type=product&#038;p=16281"},"modified":"2026-04-09T10:23:30","modified_gmt":"2026-04-09T08:23:30","slug":"bialy-t-shirt-vero","status":"publish","type":"product","link":"https:\/\/angonline.eu\/en\/product\/bialy-t-shirt-vero\/","title":{"rendered":"OFF-WHITE T-SHIRT VERO"},"content":{"rendered":"<p>Klasyczny, oversize\u2019owy T-shirt w klasycznym off-white, wykonany z wysokiej jako\u015bci, mi\u0119kkiej bawe\u0142ny. Przyjemny materia\u0142 dopasowuje si\u0119 do sylwetki, zapewniaj\u0105c maksymalny komfort noszenia. Model z subtelnym logo na karku z ty\u0142u, idealny do codziennych, lu\u017anych stylizacji.<\/p>\n<p>Size: One size<\/p>\n<p>Wymiary:d\u0142ugo\u015b\u0107 ca\u0142kowita: 67 cm, szeroko\u015b\u0107 56 cm<br \/>\nDimensions may vary +\/- 1-2 cm<\/p>\n<p>Made in Poland<\/p>\n<p>Composition: 92% cotton, 8% elastane<\/p>\n<p>Delivery time: up to 7 working days<\/p>","protected":false},"excerpt":{"rendered":"<p>Klasyczny, oversize\u2019owy T-shirt w klasycznym off-white, wykonany z wysokiej jako\u015bci, mi\u0119kkiej bawe\u0142ny. Przyjemny materia\u0142 dopasowuje si\u0119 do sylwetki, zapewniaj\u0105c maksymalny komfort noszenia. Model z subtelnym logo na karku z ty\u0142u, idealny do codziennych, lu\u017anych stylizacji. Rozmiar: One [&hellip;]<\/p>","protected":false},"featured_media":16283,"template":"","meta":{"_acf_changed":false},"product_brand":[],"product_cat":[15,62],"product_tag":[115,153,492],"class_list":{"0":"post-16281","1":"product","2":"type-product","3":"status-publish","4":"has-post-thumbnail","6":"product_cat-nowosci","7":"product_cat-t-shirt","8":"product_tag-ang","9":"product_tag-angonline-eu","10":"product_tag-off-white-t-shirt-ang","12":"first","13":"outofstock","14":"taxable","15":"shipping-taxable","16":"purchasable","17":"product-type-simple"},"acf":[],"_links":{"self":[{"href":"https:\/\/angonline.eu\/en\/wp-json\/wp\/v2\/product\/16281","targetHints":{"allow":["GET"]}}],"collection":[{"href":"https:\/\/angonline.eu\/en\/wp-json\/wp\/v2\/product"}],"about":[{"href":"https:\/\/angonline.eu\/en\/wp-json\/wp\/v2\/types\/product"}],"wp:featuredmedia":[{"embeddable":true,"href":"https:\/\/angonline.eu\/en\/wp-json\/wp\/v2\/media\/16283"}],"wp:attachment":[{"href":"https:\/\/angonline.eu\/en\/wp-json\/wp\/v2\/media?parent=16281"}],"wp:term":[{"taxonomy":"product_brand","embeddable":true,"href":"https:\/\/angonline.eu\/en\/wp-json\/wp\/v2\/product_brand?post=16281"},{"taxonomy":"product_cat","embeddable":true,"href":"https:\/\/angonline.eu\/en\/wp-json\/wp\/v2\/product_cat?post=16281"},{"taxonomy":"product_tag","embeddable":true,"href":"https:\/\/angonline.eu\/en\/wp-json\/wp\/v2\/product_tag?post=16281"}],"curies":[{"name":"wp","href":"https:\/\/api.w.org\/{rel}","templated":true}]}}