{"id":16301,"date":"2026-04-05T16:15:59","date_gmt":"2026-04-05T14:15:59","guid":{"rendered":"https:\/\/angonline.eu\/?post_type=product&#038;p=16301"},"modified":"2026-04-09T21:31:26","modified_gmt":"2026-04-09T19:31:26","slug":"longsleeve-lume","status":"publish","type":"product","link":"https:\/\/angonline.eu\/en\/product\/longsleeve-lume\/","title":{"rendered":"LONGSLEEVE LUME"},"content":{"rendered":"<p>Czarny longsleeve o oversize\u2019owym kroju, wykonany z wysokiej jako\u015bci bawe\u0142ny, to uniwersalna baza do wielu stylizacji. Swobodny fason zapewnia komfort i nowoczesny look, a minimalistyczna forma sprawia, \u017ce \u015bwietnie komponuje si\u0119 z r\u00f3\u017cnymi elementami garderoby \u2014 szczeg\u00f3lnie z bermudami LUME, tworz\u0105c sp\u00f3jny, stylowy zestaw.<\/p>\n<p>Size: one size<br \/>\nWymiary:\u2028szeroko\u015b\u0107 64 cm, 61 cm d\u0142ugo\u015b\u0107 ca\u0142kowita, 76 cm d\u0142ugo\u015b\u0107 r\u0119kawa<br \/>\nDimensions may vary +\/- 1-2 cm<\/p>\n<p>Sk\u0142ad: 92% bawe\u0142na, 8% elastan<br \/>\nManufactured in Poland<br \/>\nCzas dostawy: do 7 dni roboczyc<\/p>","protected":false},"excerpt":{"rendered":"<p>Czarny longsleeve o oversize\u2019owym kroju, wykonany z wysokiej jako\u015bci bawe\u0142ny, to uniwersalna baza do wielu stylizacji. Swobodny fason zapewnia komfort i nowoczesny look, a minimalistyczna forma sprawia, \u017ce \u015bwietnie komponuje si\u0119 z r\u00f3\u017cnymi elementami garderoby \u2014 szczeg\u00f3lnie [&hellip;]<\/p>","protected":false},"featured_media":16304,"template":"","meta":{"_acf_changed":false},"product_brand":[],"product_cat":[61,15],"product_tag":[115,153,224],"class_list":{"0":"post-16301","1":"product","2":"type-product","3":"status-publish","4":"has-post-thumbnail","6":"product_cat-bluza","7":"product_cat-nowosci","8":"product_tag-ang","9":"product_tag-angonline-eu","10":"product_tag-longsleeve-ang","12":"first","13":"instock","14":"taxable","15":"shipping-taxable","16":"purchasable","17":"product-type-simple"},"acf":[],"_links":{"self":[{"href":"https:\/\/angonline.eu\/en\/wp-json\/wp\/v2\/product\/16301","targetHints":{"allow":["GET"]}}],"collection":[{"href":"https:\/\/angonline.eu\/en\/wp-json\/wp\/v2\/product"}],"about":[{"href":"https:\/\/angonline.eu\/en\/wp-json\/wp\/v2\/types\/product"}],"wp:featuredmedia":[{"embeddable":true,"href":"https:\/\/angonline.eu\/en\/wp-json\/wp\/v2\/media\/16304"}],"wp:attachment":[{"href":"https:\/\/angonline.eu\/en\/wp-json\/wp\/v2\/media?parent=16301"}],"wp:term":[{"taxonomy":"product_brand","embeddable":true,"href":"https:\/\/angonline.eu\/en\/wp-json\/wp\/v2\/product_brand?post=16301"},{"taxonomy":"product_cat","embeddable":true,"href":"https:\/\/angonline.eu\/en\/wp-json\/wp\/v2\/product_cat?post=16301"},{"taxonomy":"product_tag","embeddable":true,"href":"https:\/\/angonline.eu\/en\/wp-json\/wp\/v2\/product_tag?post=16301"}],"curies":[{"name":"wp","href":"https:\/\/api.w.org\/{rel}","templated":true}]}}