{"id":16308,"date":"2026-04-05T16:21:04","date_gmt":"2026-04-05T14:21:04","guid":{"rendered":"https:\/\/angonline.eu\/?post_type=product&#038;p=16308"},"modified":"2026-04-09T10:22:53","modified_gmt":"2026-04-09T08:22:53","slug":"koszula-rivo","status":"publish","type":"product","link":"https:\/\/angonline.eu\/en\/product\/koszula-rivo\/","title":{"rendered":"KOSZULA RIVO"},"content":{"rendered":"<p>Koszula RIVO to d\u0142uga, oversize\u2019owa forma wykonana z lekkiego denimu, kt\u00f3ra \u0142\u0105czy swobod\u0119 z nowoczesnym stylem. Mo\u017ce by\u0107 noszona zar\u00f3wno jako klasyczna koszula, jak i sukienka, daj\u0105c wiele mo\u017cliwo\u015bci stylizacji. Lu\u017any kr\u00f3j pi\u0119knie uk\u0142ada si\u0119 na sylwetce, zapewniaj\u0105c komfort i niewymuszon\u0105 elegancj\u0119 na co dzie\u0144.<\/p>\n<p>Dimensions:<br \/>\nONE SIZE : szeroko\u015b\u0107 69 cm, d\u0142ugo\u015b\u0107 ca\u0142kowita 85 cm, d\u0142ugo\u015b\u0107 r\u0119kawa 77 cm<br \/>\nComposition: 65% cotton, 32% polyester, 3 % spandex<\/p>\n<p>Manufactured in Poland<\/p>\n<p>Delivery time: up to 7 working days<\/p>","protected":false},"excerpt":{"rendered":"<p>Koszula RIVO to d\u0142uga, oversize\u2019owa forma wykonana z lekkiego denimu, kt\u00f3ra \u0142\u0105czy swobod\u0119 z nowoczesnym stylem. Mo\u017ce by\u0107 noszona zar\u00f3wno jako klasyczna koszula, jak i sukienka, daj\u0105c wiele mo\u017cliwo\u015bci stylizacji. Lu\u017any kr\u00f3j pi\u0119knie uk\u0142ada si\u0119 na sylwetce, [&hellip;]<\/p>","protected":false},"featured_media":16309,"template":"","meta":{"_acf_changed":false},"product_brand":[],"product_cat":[77,15],"product_tag":[115,153,216],"class_list":{"0":"post-16308","1":"product","2":"type-product","3":"status-publish","4":"has-post-thumbnail","6":"product_cat-koszule","7":"product_cat-nowosci","8":"product_tag-ang","9":"product_tag-angonline-eu","10":"product_tag-koszula-ang","12":"first","13":"instock","14":"taxable","15":"shipping-taxable","16":"purchasable","17":"product-type-simple"},"acf":[],"_links":{"self":[{"href":"https:\/\/angonline.eu\/en\/wp-json\/wp\/v2\/product\/16308","targetHints":{"allow":["GET"]}}],"collection":[{"href":"https:\/\/angonline.eu\/en\/wp-json\/wp\/v2\/product"}],"about":[{"href":"https:\/\/angonline.eu\/en\/wp-json\/wp\/v2\/types\/product"}],"wp:featuredmedia":[{"embeddable":true,"href":"https:\/\/angonline.eu\/en\/wp-json\/wp\/v2\/media\/16309"}],"wp:attachment":[{"href":"https:\/\/angonline.eu\/en\/wp-json\/wp\/v2\/media?parent=16308"}],"wp:term":[{"taxonomy":"product_brand","embeddable":true,"href":"https:\/\/angonline.eu\/en\/wp-json\/wp\/v2\/product_brand?post=16308"},{"taxonomy":"product_cat","embeddable":true,"href":"https:\/\/angonline.eu\/en\/wp-json\/wp\/v2\/product_cat?post=16308"},{"taxonomy":"product_tag","embeddable":true,"href":"https:\/\/angonline.eu\/en\/wp-json\/wp\/v2\/product_tag?post=16308"}],"curies":[{"name":"wp","href":"https:\/\/api.w.org\/{rel}","templated":true}]}}