{"id":16317,"date":"2026-04-05T22:48:57","date_gmt":"2026-04-05T20:48:57","guid":{"rendered":"https:\/\/angonline.eu\/?post_type=product&#038;p=16317"},"modified":"2026-04-09T19:16:55","modified_gmt":"2026-04-09T17:16:55","slug":"spodnie-amia","status":"publish","type":"product","link":"https:\/\/angonline.eu\/en\/product\/spodnie-amia\/","title":{"rendered":"SPODNIE AMIA"},"content":{"rendered":"<p>Spodnie AMIA wykonane z lekkiego denimu to idealne uzupe\u0142nienie garderoby w nowoczesnym, swobodnym stylu. Doskonale komponuj\u0105 si\u0119 zar\u00f3wno z koszul\u0105 AMIA, jak i koszul\u0105 RIVO, tworz\u0105c sp\u00f3jne, stylowe zestawy. Dzi\u0119ki dopracowanemu krojowi pi\u0119knie uk\u0142adaj\u0105 si\u0119 na sylwetce i zapewniaj\u0105 komfort noszenia na co dzie\u0144.<\/p>\n<p>Dimensions:<br \/>\nXs: d\u0142ugo\u015b\u0107 ca\u0142kowit\u0105 109 cm, szeroko\u015b\u0107 w pasie 70 cm, szeroko\u015b\u0107 w biodrach 108cm<br \/>\nS: d\u0142ugo\u015b\u0107 ca\u0142kowit\u0105 109 cm, szeroko\u015b\u0107 w pasie 72 cm, szeroko\u015b\u0107 w biodrach 112cm<br \/>\nM: d\u0142ugo\u015b\u0107 ca\u0142kowit\u0105 109 cm, szeroko\u015b\u0107 w pasie 74 cm, szeroko\u015b\u0107 w biodrach 116cm<br \/>\nL: d\u0142ugo\u015b\u0107 ca\u0142kowit\u0105 109 cm, szeroko\u015b\u0107 w pasie 76 cm, szeroko\u015b\u0107 w biodrach 120cm<br \/>\nSk\u0142ad : 65% bawe\u0142na, 32% poliester, 3 % spandex<\/p>\n<p>Produced in Poland.<\/p>","protected":false},"excerpt":{"rendered":"<p>Spodnie AMIA wykonane z lekkiego denimu to idealne uzupe\u0142nienie garderoby w nowoczesnym, swobodnym stylu. Doskonale komponuj\u0105 si\u0119 zar\u00f3wno z koszul\u0105 AMIA, jak i koszul\u0105 RIVO, tworz\u0105c sp\u00f3jne, stylowe zestawy. Dzi\u0119ki dopracowanemu krojowi pi\u0119knie uk\u0142adaj\u0105 si\u0119 na sylwetce [&hellip;]<\/p>","protected":false},"featured_media":16322,"template":"","meta":{"_acf_changed":false},"product_brand":[],"product_cat":[15,64],"product_tag":[115,153,199],"class_list":{"0":"post-16317","1":"product","2":"type-product","3":"status-publish","4":"has-post-thumbnail","6":"product_cat-nowosci","7":"product_cat-spodnie","8":"product_tag-ang","9":"product_tag-angonline-eu","10":"product_tag-spodnie-ang","12":"first","13":"instock","14":"taxable","15":"shipping-taxable","16":"purchasable","17":"product-type-variable"},"acf":[],"_links":{"self":[{"href":"https:\/\/angonline.eu\/en\/wp-json\/wp\/v2\/product\/16317","targetHints":{"allow":["GET"]}}],"collection":[{"href":"https:\/\/angonline.eu\/en\/wp-json\/wp\/v2\/product"}],"about":[{"href":"https:\/\/angonline.eu\/en\/wp-json\/wp\/v2\/types\/product"}],"wp:featuredmedia":[{"embeddable":true,"href":"https:\/\/angonline.eu\/en\/wp-json\/wp\/v2\/media\/16322"}],"wp:attachment":[{"href":"https:\/\/angonline.eu\/en\/wp-json\/wp\/v2\/media?parent=16317"}],"wp:term":[{"taxonomy":"product_brand","embeddable":true,"href":"https:\/\/angonline.eu\/en\/wp-json\/wp\/v2\/product_brand?post=16317"},{"taxonomy":"product_cat","embeddable":true,"href":"https:\/\/angonline.eu\/en\/wp-json\/wp\/v2\/product_cat?post=16317"},{"taxonomy":"product_tag","embeddable":true,"href":"https:\/\/angonline.eu\/en\/wp-json\/wp\/v2\/product_tag?post=16317"}],"curies":[{"name":"wp","href":"https:\/\/api.w.org\/{rel}","templated":true}]}}