{"id":16329,"date":"2026-04-05T22:53:46","date_gmt":"2026-04-05T20:53:46","guid":{"rendered":"https:\/\/angonline.eu\/?post_type=product&#038;p=16329"},"modified":"2026-04-09T14:22:30","modified_gmt":"2026-04-09T12:22:30","slug":"off-white-longsleeve-aven","status":"publish","type":"product","link":"https:\/\/angonline.eu\/en\/product\/off-white-longsleeve-aven\/","title":{"rendered":"OFF WHITE LONGSLEEVE AVEN"},"content":{"rendered":"<p>Longsleeve w odcieniu off white wykonany z wysokiej jako\u015bci bawe\u0142ny to subtelna, a zarazem wyj\u0105tkowa baza stylizacji. Delikatne, ozdobne przeszycia nadaj\u0105 mu charakteru i podkre\u015blaj\u0105 dopracowany design. Komfortowy kr\u00f3j i mi\u0119kki materia\u0142 sprawiaj\u0105, \u017ce \u015bwietnie sprawdzi si\u0119 na co dzie\u0144, \u0142\u0105cz\u0105c wygod\u0119 z minimalistyczn\u0105 elegancj\u0105.<\/p>\n<p>Size: one size<br \/>\nWymiary:\u2028d\u0142ugo\u015b\u0107 ca\u0142kowita 61 cm, d\u0142ugo\u015b\u0107 r\u0119kawa 76 cm, szeroko\u015b\u0107 64 cm<br \/>\nDimensions may vary +\/- 1-2 cm<\/p>\n<p>Composition: 97% cotton, 3% elastane<\/p>\n<p>Manufactured in Poland<\/p>\n<p>Delivery time: up to 7 working days<\/p>","protected":false},"excerpt":{"rendered":"<p>Longsleeve w odcieniu off white wykonany z wysokiej jako\u015bci bawe\u0142ny to subtelna, a zarazem wyj\u0105tkowa baza stylizacji. Delikatne, ozdobne przeszycia nadaj\u0105 mu charakteru i podkre\u015blaj\u0105 dopracowany design. Komfortowy kr\u00f3j i mi\u0119kki materia\u0142 sprawiaj\u0105, \u017ce \u015bwietnie sprawdzi si\u0119 [&hellip;]<\/p>","protected":false},"featured_media":16330,"template":"","meta":{"_acf_changed":false},"product_brand":[],"product_cat":[61,15],"product_tag":[115,153,224],"class_list":{"0":"post-16329","1":"product","2":"type-product","3":"status-publish","4":"has-post-thumbnail","6":"product_cat-bluza","7":"product_cat-nowosci","8":"product_tag-ang","9":"product_tag-angonline-eu","10":"product_tag-longsleeve-ang","12":"first","13":"instock","14":"taxable","15":"shipping-taxable","16":"purchasable","17":"product-type-simple"},"acf":[],"_links":{"self":[{"href":"https:\/\/angonline.eu\/en\/wp-json\/wp\/v2\/product\/16329","targetHints":{"allow":["GET"]}}],"collection":[{"href":"https:\/\/angonline.eu\/en\/wp-json\/wp\/v2\/product"}],"about":[{"href":"https:\/\/angonline.eu\/en\/wp-json\/wp\/v2\/types\/product"}],"wp:featuredmedia":[{"embeddable":true,"href":"https:\/\/angonline.eu\/en\/wp-json\/wp\/v2\/media\/16330"}],"wp:attachment":[{"href":"https:\/\/angonline.eu\/en\/wp-json\/wp\/v2\/media?parent=16329"}],"wp:term":[{"taxonomy":"product_brand","embeddable":true,"href":"https:\/\/angonline.eu\/en\/wp-json\/wp\/v2\/product_brand?post=16329"},{"taxonomy":"product_cat","embeddable":true,"href":"https:\/\/angonline.eu\/en\/wp-json\/wp\/v2\/product_cat?post=16329"},{"taxonomy":"product_tag","embeddable":true,"href":"https:\/\/angonline.eu\/en\/wp-json\/wp\/v2\/product_tag?post=16329"}],"curies":[{"name":"wp","href":"https:\/\/api.w.org\/{rel}","templated":true}]}}