{"id":16339,"date":"2026-04-05T22:59:38","date_gmt":"2026-04-05T20:59:38","guid":{"rendered":"https:\/\/angonline.eu\/?post_type=product&#038;p=16339"},"modified":"2026-04-15T17:20:29","modified_gmt":"2026-04-15T15:20:29","slug":"balloon-spodenki-dune","status":"publish","type":"product","link":"https:\/\/angonline.eu\/en\/product\/balloon-spodenki-dune\/","title":{"rendered":"BALLOON SPODENKI DUNE"},"content":{"rendered":"<p>Spodenki BALLOON DUNE to wyj\u0105tkowy model o charakterystycznym kroju, kt\u00f3ry na pierwszy rzut oka przypomina sp\u00f3dniczk\u0119. Wykonane z denimu, \u0142\u0105cz\u0105 oryginaln\u0105 form\u0119 z wygod\u0105 noszenia. Posiadaj\u0105 praktyczne kieszenie oraz zapinane s\u0105 na zamek. Efektownie uk\u0142adaj\u0105 si\u0119 w ruchu i doskonale prezentuj\u0105 si\u0119 w zestawie z kurtk\u0105 DUNE, tworz\u0105c sp\u00f3jny, stylowy look.<\/p>\n<p>Size<br \/>\nXs: pas 70 cm, szeroko\u015b\u0107 50 cm, d\u0142ugo\u015b\u0107 36 cm<br \/>\nS: pas 74 cm, szeroko\u015b\u0107 53 cm, d\u0142ugo\u015b\u0107 36 cm<br \/>\nM: pas 78 cm, szeroko\u015b\u0107 56 cm, d\u0142ugo\u015b\u0107 37 cm<br \/>\nL: pas 82 cm, szeroko\u015b\u0107 59 cm, d\u0142ugo\u015b\u0107 37 cm<\/p>\n<p>Composition: 100% cotton<br \/>\nLining: 97% cotton, 3% elastane<\/p>\n<p>Produced in Poland.<br \/>\nDelivery time: up to 7 working days<\/p>","protected":false},"excerpt":{"rendered":"<p>Spodenki BALLOON DUNE to wyj\u0105tkowy model o charakterystycznym kroju, kt\u00f3ry na pierwszy rzut oka przypomina sp\u00f3dniczk\u0119. Wykonane z denimu, \u0142\u0105cz\u0105 oryginaln\u0105 form\u0119 z wygod\u0105 noszenia. Posiadaj\u0105 praktyczne kieszenie oraz zapinane s\u0105 na zamek. Efektownie uk\u0142adaj\u0105 si\u0119 w [&hellip;]<\/p>","protected":false},"featured_media":16345,"template":"","meta":{"_acf_changed":false},"product_brand":[],"product_cat":[15,60],"product_tag":[115,153,457],"class_list":{"0":"post-16339","1":"product","2":"type-product","3":"status-publish","4":"has-post-thumbnail","6":"product_cat-nowosci","7":"product_cat-spodenki","8":"product_tag-ang","9":"product_tag-angonline-eu","10":"product_tag-spodenki-ang","12":"first","13":"instock","14":"taxable","15":"shipping-taxable","16":"purchasable","17":"product-type-variable"},"acf":[],"_links":{"self":[{"href":"https:\/\/angonline.eu\/en\/wp-json\/wp\/v2\/product\/16339","targetHints":{"allow":["GET"]}}],"collection":[{"href":"https:\/\/angonline.eu\/en\/wp-json\/wp\/v2\/product"}],"about":[{"href":"https:\/\/angonline.eu\/en\/wp-json\/wp\/v2\/types\/product"}],"wp:featuredmedia":[{"embeddable":true,"href":"https:\/\/angonline.eu\/en\/wp-json\/wp\/v2\/media\/16345"}],"wp:attachment":[{"href":"https:\/\/angonline.eu\/en\/wp-json\/wp\/v2\/media?parent=16339"}],"wp:term":[{"taxonomy":"product_brand","embeddable":true,"href":"https:\/\/angonline.eu\/en\/wp-json\/wp\/v2\/product_brand?post=16339"},{"taxonomy":"product_cat","embeddable":true,"href":"https:\/\/angonline.eu\/en\/wp-json\/wp\/v2\/product_cat?post=16339"},{"taxonomy":"product_tag","embeddable":true,"href":"https:\/\/angonline.eu\/en\/wp-json\/wp\/v2\/product_tag?post=16339"}],"curies":[{"name":"wp","href":"https:\/\/api.w.org\/{rel}","templated":true}]}}