{"id":16356,"date":"2026-04-05T23:15:03","date_gmt":"2026-04-05T21:15:03","guid":{"rendered":"https:\/\/angonline.eu\/?post_type=product&#038;p=16356"},"modified":"2026-04-15T16:18:51","modified_gmt":"2026-04-15T14:18:51","slug":"kurtka-dune","status":"publish","type":"product","link":"https:\/\/angonline.eu\/en\/product\/kurtka-dune\/","title":{"rendered":"KURTKA DUNE"},"content":{"rendered":"<p>Kurtka DUNE to d\u017cinsowy model o nowoczesnym, swobodnym charakterze. Obni\u017cona linia ramion nadaje jej oversize\u2019owy, niewymuszony look, a praktyczne kieszenie podkre\u015blaj\u0105 funkcjonalno\u015b\u0107. \u015awietnie komponuje si\u0119 ze spodenkami BALLOON DUNE, tworz\u0105c sp\u00f3jny i stylowy zestaw.<\/p>\n<p>Dimensions:<br \/>\nXS\/S \u2013 d\u0142ugo\u015b\u0107 54 cm, szeroko\u015b\u0107 59 cm, d\u0142ugo\u015b\u0107 r\u0119kawa 81 cm\u2028M\/L \u2013 d\u0142ugo\u015b\u0107 58 cm, szeroko\u015b\u0107 63 cm, d\u0142ugo\u015b\u0107 r\u0119kawa 82 cm<\/p>\n<p>Composition: 100% cotton<br \/>\nLining: 100% viscose<\/p>\n<p>Produced in Poland.<\/p>\n<p>Dry cleaning recommended.<\/p>\n<p>Delivery time: up to 7 working days.<\/p>","protected":false},"excerpt":{"rendered":"<p>Kurtka DUNE to d\u017cinsowy model o nowoczesnym, swobodnym charakterze. Obni\u017cona linia ramion nadaje jej oversize\u2019owy, niewymuszony look, a praktyczne kieszenie podkre\u015blaj\u0105 funkcjonalno\u015b\u0107. \u015awietnie komponuje si\u0119 ze spodenkami BALLOON DUNE, tworz\u0105c sp\u00f3jny i stylowy zestaw. Wymiary: XS\/S \u2013 [&hellip;]<\/p>","protected":false},"featured_media":16360,"template":"","meta":{"_acf_changed":false},"product_brand":[],"product_cat":[497,15],"product_tag":[115,153,454],"class_list":{"0":"post-16356","1":"product","2":"type-product","3":"status-publish","4":"has-post-thumbnail","6":"product_cat-kurtki","7":"product_cat-nowosci","8":"product_tag-ang","9":"product_tag-angonline-eu","10":"product_tag-kurtka-ang","12":"first","13":"instock","14":"taxable","15":"shipping-taxable","16":"purchasable","17":"product-type-variable"},"acf":[],"_links":{"self":[{"href":"https:\/\/angonline.eu\/en\/wp-json\/wp\/v2\/product\/16356","targetHints":{"allow":["GET"]}}],"collection":[{"href":"https:\/\/angonline.eu\/en\/wp-json\/wp\/v2\/product"}],"about":[{"href":"https:\/\/angonline.eu\/en\/wp-json\/wp\/v2\/types\/product"}],"wp:featuredmedia":[{"embeddable":true,"href":"https:\/\/angonline.eu\/en\/wp-json\/wp\/v2\/media\/16360"}],"wp:attachment":[{"href":"https:\/\/angonline.eu\/en\/wp-json\/wp\/v2\/media?parent=16356"}],"wp:term":[{"taxonomy":"product_brand","embeddable":true,"href":"https:\/\/angonline.eu\/en\/wp-json\/wp\/v2\/product_brand?post=16356"},{"taxonomy":"product_cat","embeddable":true,"href":"https:\/\/angonline.eu\/en\/wp-json\/wp\/v2\/product_cat?post=16356"},{"taxonomy":"product_tag","embeddable":true,"href":"https:\/\/angonline.eu\/en\/wp-json\/wp\/v2\/product_tag?post=16356"}],"curies":[{"name":"wp","href":"https:\/\/api.w.org\/{rel}","templated":true}]}}