{"id":16371,"date":"2026-04-05T23:28:55","date_gmt":"2026-04-05T21:28:55","guid":{"rendered":"https:\/\/angonline.eu\/?post_type=product&#038;p=16371"},"modified":"2026-04-12T22:32:41","modified_gmt":"2026-04-12T20:32:41","slug":"czarna-koszula-estella","status":"publish","type":"product","link":"https:\/\/angonline.eu\/en\/product\/czarna-koszula-estella\/","title":{"rendered":"CZARNA KOSZULA ESTELLA"},"content":{"rendered":"<p>Koszula ESTELLA z wiskozy to idealna propozycja na lato \u2013 lekka, przewiewna i niezwykle komfortowa. Starannie uszyta, zachwyca jako\u015bci\u0105 i ponadczasowym stylem, kt\u00f3ry pos\u0142u\u017cy na lata. Doskonale komponuje si\u0119 ze spodniami ESTELLA, tworz\u0105c sp\u00f3jny, elegancki zestaw.<\/p>\n<p>Size: One size<\/p>\n<p>Dimensions:<br \/>\nSzeroko\u015b\u0107 60 cm, d\u0142ugo\u015b\u0107 ca\u0142kowita 76 cm, d\u0142ugo\u015b\u0107 r\u0119kawa 75 cm<\/p>\n<p>Sk\u0142ad: 90% wiskoza, 10% poliester<\/p>\n<p>Manufactured in Poland<\/p>\n<p>Delivery time: up to 7 working days<\/p>","protected":false},"excerpt":{"rendered":"<p>Koszula ESTELLA z wiskozy to idealna propozycja na lato \u2013 lekka, przewiewna i niezwykle komfortowa. Starannie uszyta, zachwyca jako\u015bci\u0105 i ponadczasowym stylem, kt\u00f3ry pos\u0142u\u017cy na lata. Doskonale komponuje si\u0119 ze spodniami ESTELLA, tworz\u0105c sp\u00f3jny, elegancki zestaw. Rozmiar: [&hellip;]<\/p>","protected":false},"featured_media":16374,"template":"","meta":{"_acf_changed":false},"product_brand":[],"product_cat":[77,15],"product_tag":[115,153,450],"class_list":{"0":"post-16371","1":"product","2":"type-product","3":"status-publish","4":"has-post-thumbnail","6":"product_cat-koszule","7":"product_cat-nowosci","8":"product_tag-ang","9":"product_tag-angonline-eu","10":"product_tag-czarna-koszula-ang","12":"first","13":"instock","14":"taxable","15":"shipping-taxable","16":"purchasable","17":"product-type-simple"},"acf":[],"_links":{"self":[{"href":"https:\/\/angonline.eu\/en\/wp-json\/wp\/v2\/product\/16371","targetHints":{"allow":["GET"]}}],"collection":[{"href":"https:\/\/angonline.eu\/en\/wp-json\/wp\/v2\/product"}],"about":[{"href":"https:\/\/angonline.eu\/en\/wp-json\/wp\/v2\/types\/product"}],"wp:featuredmedia":[{"embeddable":true,"href":"https:\/\/angonline.eu\/en\/wp-json\/wp\/v2\/media\/16374"}],"wp:attachment":[{"href":"https:\/\/angonline.eu\/en\/wp-json\/wp\/v2\/media?parent=16371"}],"wp:term":[{"taxonomy":"product_brand","embeddable":true,"href":"https:\/\/angonline.eu\/en\/wp-json\/wp\/v2\/product_brand?post=16371"},{"taxonomy":"product_cat","embeddable":true,"href":"https:\/\/angonline.eu\/en\/wp-json\/wp\/v2\/product_cat?post=16371"},{"taxonomy":"product_tag","embeddable":true,"href":"https:\/\/angonline.eu\/en\/wp-json\/wp\/v2\/product_tag?post=16371"}],"curies":[{"name":"wp","href":"https:\/\/api.w.org\/{rel}","templated":true}]}}