{"id":16404,"date":"2026-04-05T23:58:17","date_gmt":"2026-04-05T21:58:17","guid":{"rendered":"https:\/\/angonline.eu\/?post_type=product&#038;p=16404"},"modified":"2026-04-15T09:17:31","modified_gmt":"2026-04-15T07:17:31","slug":"off-white-spodnie-estella","status":"publish","type":"product","link":"https:\/\/angonline.eu\/en\/product\/off-white-spodnie-estella\/","title":{"rendered":"OFF-WHITE SPODNIE ESTELLA"},"content":{"rendered":"<p>Off-white spodnie ESTELLA to po\u0142\u0105czenie wygody i ponadczasowego stylu. Wyposa\u017cone w praktyczne kieszenie oraz elastyczn\u0105 gumk\u0119 w pasie ze sznurkiem, zapewniaj\u0105 idealne dopasowanie i komfort noszenia przez ca\u0142y dzie\u0144. \u015awietnie uk\u0142adaj\u0105 si\u0119 na sylwetce i doskonale pasuj\u0105 zar\u00f3wno do casualowych, jak i bardziej eleganckich stylizacji \u2013 szczeg\u00f3lnie w zestawie z koszul\u0105 ESTELLA.<\/p>\n<p>Dimensions:<br \/>\nXS\/S: pas 70-74 cm , d\u0142ugo\u015b\u0107 ca\u0142kowita 105 c,<br \/>\nM\/L: szeroko\u015b\u0107 78-82 cm, d\u0142ugo\u015b\u0107 ca\u0142kowita 106 cm<\/p>\n<p>Sk\u0142ad: 90% wiskoza, 10% poliester<\/p>\n<p>Manufactured in Poland<\/p>\n<p>Delivery time: up to 7 working days<\/p>","protected":false},"excerpt":{"rendered":"<p>Off-white spodnie ESTELLA to po\u0142\u0105czenie wygody i ponadczasowego stylu. Wyposa\u017cone w praktyczne kieszenie oraz elastyczn\u0105 gumk\u0119 w pasie ze sznurkiem, zapewniaj\u0105 idealne dopasowanie i komfort noszenia przez ca\u0142y dzie\u0144. \u015awietnie uk\u0142adaj\u0105 si\u0119 na sylwetce i doskonale pasuj\u0105 [&hellip;]<\/p>","protected":false},"featured_media":16394,"template":"","meta":{"_acf_changed":false},"product_brand":[],"product_cat":[15,64],"product_tag":[115,153,155],"class_list":{"0":"post-16404","1":"product","2":"type-product","3":"status-publish","4":"has-post-thumbnail","6":"product_cat-nowosci","7":"product_cat-spodnie","8":"product_tag-ang","9":"product_tag-angonline-eu","10":"product_tag-off-white-spodnie-ang","12":"first","13":"instock","14":"taxable","15":"shipping-taxable","16":"purchasable","17":"product-type-variable"},"acf":[],"_links":{"self":[{"href":"https:\/\/angonline.eu\/en\/wp-json\/wp\/v2\/product\/16404","targetHints":{"allow":["GET"]}}],"collection":[{"href":"https:\/\/angonline.eu\/en\/wp-json\/wp\/v2\/product"}],"about":[{"href":"https:\/\/angonline.eu\/en\/wp-json\/wp\/v2\/types\/product"}],"wp:featuredmedia":[{"embeddable":true,"href":"https:\/\/angonline.eu\/en\/wp-json\/wp\/v2\/media\/16394"}],"wp:attachment":[{"href":"https:\/\/angonline.eu\/en\/wp-json\/wp\/v2\/media?parent=16404"}],"wp:term":[{"taxonomy":"product_brand","embeddable":true,"href":"https:\/\/angonline.eu\/en\/wp-json\/wp\/v2\/product_brand?post=16404"},{"taxonomy":"product_cat","embeddable":true,"href":"https:\/\/angonline.eu\/en\/wp-json\/wp\/v2\/product_cat?post=16404"},{"taxonomy":"product_tag","embeddable":true,"href":"https:\/\/angonline.eu\/en\/wp-json\/wp\/v2\/product_tag?post=16404"}],"curies":[{"name":"wp","href":"https:\/\/api.w.org\/{rel}","templated":true}]}}