{"id":16407,"date":"2026-04-06T00:00:14","date_gmt":"2026-04-05T22:00:14","guid":{"rendered":"https:\/\/angonline.eu\/?post_type=product&#038;p=16407"},"modified":"2026-04-09T22:38:26","modified_gmt":"2026-04-09T20:38:26","slug":"czarna-kurtka-brix","status":"publish","type":"product","link":"https:\/\/angonline.eu\/en\/product\/czarna-kurtka-brix\/","title":{"rendered":"CZARNA KURTKA BRIX"},"content":{"rendered":"<p>Kurtka BRIX to absolutny must-have tego sezonu. Zachwyca najmodniejszymi marszczeniami na ramionach, osadzonymi na delikatnych poduszkach, kt\u00f3re nadaj\u0105 jej wyj\u0105tkowego charakteru. Pi\u0119knie podkre\u015blona talia, dodatkowo zaakcentowana paskiem, tworzy kobiec\u0105 i stylow\u0105 sylwetk\u0119. Model zapinany na zamek zapewnia wygod\u0119 i funkcjonalno\u015b\u0107. To kurtka, kt\u00f3ra przyci\u0105ga spojrzenia i perfekcyjnie dope\u0142nia ka\u017cd\u0105 stylizacj\u0119.<\/p>\n<p>Wymiary:\u2028XS\/S: d\u0142ugo\u015b\u0107 ca\u0142kowita 65 cm, d\u0142ugo\u015b\u0107 r\u0119kawa 62 cm, szeroko\u015b\u0107 58 cm<br \/>\nM\/L: d\u0142ugo\u015b\u0107 ca\u0142kowita 66 cm, d\u0142ugo\u015b\u0107 r\u0119kawa 63 cm, szeroko\u015b\u0107 61 cm<br \/>\nDimensions may vary +\/- 1-2 cm<\/p>\n<p>Sk\u0142ad: 45% bawe\u0142na, 55% poliester<br \/>\nProduced in Poland.<\/p>\n<p>Delivery time: up to 7 working days<\/p>","protected":false},"excerpt":{"rendered":"<p>Kurtka BRIX to absolutny must-have tego sezonu. Zachwyca najmodniejszymi marszczeniami na ramionach, osadzonymi na delikatnych poduszkach, kt\u00f3re nadaj\u0105 jej wyj\u0105tkowego charakteru. Pi\u0119knie podkre\u015blona talia, dodatkowo zaakcentowana paskiem, tworzy kobiec\u0105 i stylow\u0105 sylwetk\u0119. Model zapinany na zamek zapewnia [&hellip;]<\/p>","protected":false},"featured_media":16410,"template":"","meta":{"_acf_changed":false},"product_brand":[],"product_cat":[497,15],"product_tag":[115,153,483],"class_list":{"0":"post-16407","1":"product","2":"type-product","3":"status-publish","4":"has-post-thumbnail","6":"product_cat-kurtki","7":"product_cat-nowosci","8":"product_tag-ang","9":"product_tag-angonline-eu","10":"product_tag-czarna-kurtka-ang","12":"first","13":"outofstock","14":"taxable","15":"shipping-taxable","16":"purchasable","17":"product-type-variable"},"acf":[],"_links":{"self":[{"href":"https:\/\/angonline.eu\/en\/wp-json\/wp\/v2\/product\/16407","targetHints":{"allow":["GET"]}}],"collection":[{"href":"https:\/\/angonline.eu\/en\/wp-json\/wp\/v2\/product"}],"about":[{"href":"https:\/\/angonline.eu\/en\/wp-json\/wp\/v2\/types\/product"}],"wp:featuredmedia":[{"embeddable":true,"href":"https:\/\/angonline.eu\/en\/wp-json\/wp\/v2\/media\/16410"}],"wp:attachment":[{"href":"https:\/\/angonline.eu\/en\/wp-json\/wp\/v2\/media?parent=16407"}],"wp:term":[{"taxonomy":"product_brand","embeddable":true,"href":"https:\/\/angonline.eu\/en\/wp-json\/wp\/v2\/product_brand?post=16407"},{"taxonomy":"product_cat","embeddable":true,"href":"https:\/\/angonline.eu\/en\/wp-json\/wp\/v2\/product_cat?post=16407"},{"taxonomy":"product_tag","embeddable":true,"href":"https:\/\/angonline.eu\/en\/wp-json\/wp\/v2\/product_tag?post=16407"}],"curies":[{"name":"wp","href":"https:\/\/api.w.org\/{rel}","templated":true}]}}