{"id":16437,"date":"2026-04-06T00:21:36","date_gmt":"2026-04-05T22:21:36","guid":{"rendered":"https:\/\/angonline.eu\/?post_type=product&#038;p=16437"},"modified":"2026-04-15T20:53:49","modified_gmt":"2026-04-15T18:53:49","slug":"czarne-spodenki-belli","status":"publish","type":"product","link":"https:\/\/angonline.eu\/en\/product\/czarne-spodenki-belli\/","title":{"rendered":"CZARNE SPODENKI BELLI"},"content":{"rendered":"<p>Spodenki BELLI w odcieniu czarnym to wyj\u0105tkowo kobieca i stylowa propozycja. Wykonane z satynowej wiskozy, zachwycaj\u0105 lekko\u015bci\u0105 i subtelnym po\u0142yskiem. D\u00f3\u0142 wyko\u0144czony delikatn\u0105 koronk\u0105 dodaje im elegancji i romantycznego charakteru. Zwiewne i komfortowe, \u015bwietnie sprawdz\u0105 si\u0119 pod ka\u017cd\u0105 marynark\u0105, podnosz\u0105c poziom ka\u017cdej stylizacji. Najlepiej prezentuj\u0105 si\u0119 w komplecie z bluzk\u0105 BELLI.<\/p>\n<p>Dimensions:<br \/>\nXS\/S: pas 50 cm , d\u0142ugo\u015b\u0107 ca\u0142kowita 37cm<br \/>\nM\/L: pas 53 cm, d\u0142ugo\u015b\u0107 ca\u0142kowita 38 cm<\/p>\n<p>Composition: 97% viscose, 3% elastane<\/p>\n<p>Manufactured in Poland<\/p>\n<p>Delivery time: up to 7 working days<\/p>","protected":false},"excerpt":{"rendered":"<p>Spodenki BELLI w odcieniu czarnym to wyj\u0105tkowo kobieca i stylowa propozycja. Wykonane z satynowej wiskozy, zachwycaj\u0105 lekko\u015bci\u0105 i subtelnym po\u0142yskiem. D\u00f3\u0142 wyko\u0144czony delikatn\u0105 koronk\u0105 dodaje im elegancji i romantycznego charakteru. Zwiewne i komfortowe, \u015bwietnie sprawdz\u0105 si\u0119 pod [&hellip;]<\/p>","protected":false},"featured_media":16440,"template":"","meta":{"_acf_changed":false},"product_brand":[],"product_cat":[15,60],"product_tag":[115,153,145],"class_list":{"0":"post-16437","1":"product","2":"type-product","3":"status-publish","4":"has-post-thumbnail","6":"product_cat-nowosci","7":"product_cat-spodenki","8":"product_tag-ang","9":"product_tag-angonline-eu","10":"product_tag-czarne-spodenki-ang","12":"first","13":"instock","14":"taxable","15":"shipping-taxable","16":"purchasable","17":"product-type-variable"},"acf":[],"_links":{"self":[{"href":"https:\/\/angonline.eu\/en\/wp-json\/wp\/v2\/product\/16437","targetHints":{"allow":["GET"]}}],"collection":[{"href":"https:\/\/angonline.eu\/en\/wp-json\/wp\/v2\/product"}],"about":[{"href":"https:\/\/angonline.eu\/en\/wp-json\/wp\/v2\/types\/product"}],"wp:featuredmedia":[{"embeddable":true,"href":"https:\/\/angonline.eu\/en\/wp-json\/wp\/v2\/media\/16440"}],"wp:attachment":[{"href":"https:\/\/angonline.eu\/en\/wp-json\/wp\/v2\/media?parent=16437"}],"wp:term":[{"taxonomy":"product_brand","embeddable":true,"href":"https:\/\/angonline.eu\/en\/wp-json\/wp\/v2\/product_brand?post=16437"},{"taxonomy":"product_cat","embeddable":true,"href":"https:\/\/angonline.eu\/en\/wp-json\/wp\/v2\/product_cat?post=16437"},{"taxonomy":"product_tag","embeddable":true,"href":"https:\/\/angonline.eu\/en\/wp-json\/wp\/v2\/product_tag?post=16437"}],"curies":[{"name":"wp","href":"https:\/\/api.w.org\/{rel}","templated":true}]}}