{"id":16462,"date":"2026-04-06T00:32:48","date_gmt":"2026-04-05T22:32:48","guid":{"rendered":"https:\/\/angonline.eu\/?post_type=product&#038;p=16462"},"modified":"2026-04-09T10:22:52","modified_gmt":"2026-04-09T08:22:52","slug":"czarna-bluzka-belli","status":"publish","type":"product","link":"https:\/\/angonline.eu\/en\/product\/czarna-bluzka-belli\/","title":{"rendered":"CZARNA BLUZKA BELLI"},"content":{"rendered":"<p>Bluzka BELLI to delikatna i zwiewna propozycja o kobiecym, subtelnym charakterze. Wyko\u0144czona koronk\u0105, dodaje elegancji i lekko\u015bci ka\u017cdej stylizacji. Regulowane rami\u0105czka zapewniaj\u0105 idealne dopasowanie i komfort noszenia. Najlepiej prezentuje si\u0119 w zestawie ze spodenkami BELLI, tworz\u0105c sp\u00f3jny i wyj\u0105tkowo stylowy komplet.<\/p>\n<p>Dimensions:<br \/>\nXS: szeroko\u015b\u0107 45 cm , d\u0142ugo\u015b\u0107 ca\u0142kowita ty\u0142 40 cm<br \/>\nS: szeroko\u015b\u0107 47 cm, d\u0142ugo\u015b\u0107 ca\u0142kowita 41 cm<br \/>\nM: szeroko\u015b\u0107 49 cm, d\u0142ugo\u015b\u0107 ca\u0142kowita 42 cm<br \/>\nL: szeroko\u015b\u0107 51 cm, d\u0142ugo\u015b\u0107 ca\u0142kowita 43 cm<\/p>\n<p>Composition: 97% viscose, 3% elastane<\/p>\n<p>Manufactured in Poland<\/p>\n<p>Delivery time: up to 7 working days<\/p>","protected":false},"excerpt":{"rendered":"<p>Bluzka BELLI to delikatna i zwiewna propozycja o kobiecym, subtelnym charakterze. Wyko\u0144czona koronk\u0105, dodaje elegancji i lekko\u015bci ka\u017cdej stylizacji. Regulowane rami\u0105czka zapewniaj\u0105 idealne dopasowanie i komfort noszenia. Najlepiej prezentuje si\u0119 w zestawie ze spodenkami BELLI, tworz\u0105c sp\u00f3jny [&hellip;]<\/p>","protected":false},"featured_media":16440,"template":"","meta":{"_acf_changed":false},"product_brand":[],"product_cat":[15],"product_tag":[115,153,495],"class_list":{"0":"post-16462","1":"product","2":"type-product","3":"status-publish","4":"has-post-thumbnail","6":"product_cat-nowosci","7":"product_tag-ang","8":"product_tag-angonline-eu","9":"product_tag-czarna-bluzka-ang","11":"first","12":"outofstock","13":"taxable","14":"shipping-taxable","15":"purchasable","16":"product-type-variable"},"acf":[],"_links":{"self":[{"href":"https:\/\/angonline.eu\/en\/wp-json\/wp\/v2\/product\/16462","targetHints":{"allow":["GET"]}}],"collection":[{"href":"https:\/\/angonline.eu\/en\/wp-json\/wp\/v2\/product"}],"about":[{"href":"https:\/\/angonline.eu\/en\/wp-json\/wp\/v2\/types\/product"}],"wp:featuredmedia":[{"embeddable":true,"href":"https:\/\/angonline.eu\/en\/wp-json\/wp\/v2\/media\/16440"}],"wp:attachment":[{"href":"https:\/\/angonline.eu\/en\/wp-json\/wp\/v2\/media?parent=16462"}],"wp:term":[{"taxonomy":"product_brand","embeddable":true,"href":"https:\/\/angonline.eu\/en\/wp-json\/wp\/v2\/product_brand?post=16462"},{"taxonomy":"product_cat","embeddable":true,"href":"https:\/\/angonline.eu\/en\/wp-json\/wp\/v2\/product_cat?post=16462"},{"taxonomy":"product_tag","embeddable":true,"href":"https:\/\/angonline.eu\/en\/wp-json\/wp\/v2\/product_tag?post=16462"}],"curies":[{"name":"wp","href":"https:\/\/api.w.org\/{rel}","templated":true}]}}