{"id":16472,"date":"2026-04-06T00:41:06","date_gmt":"2026-04-05T22:41:06","guid":{"rendered":"https:\/\/angonline.eu\/?post_type=product&#038;p=16472"},"modified":"2026-04-15T21:07:03","modified_gmt":"2026-04-15T19:07:03","slug":"legginsy-kela","status":"publish","type":"product","link":"https:\/\/angonline.eu\/en\/product\/legginsy-kela\/","title":{"rendered":"LEGGINSY KELA"},"content":{"rendered":"<p>Legginsy Kela z paskiem pod stop\u0105, wykonane z wysokiej jako\u015bci, oddychaj\u0105cego materia\u0142u sportowego, kt\u00f3ry gwarantuje komfort podczas codziennego u\u017cytkowania. Tkanina jest ca\u0142kowicie nieprze\u015bwituj\u0105ca, dzi\u0119ki czemu mo\u017cesz czu\u0107 si\u0119 pewnie w ka\u017cdej sytuacji.<\/p>\n<p>Elastyczny kr\u00f3j perfekcyjnie dopasowuje si\u0119 do sylwetki, podkre\u015blaj\u0105c jej kszta\u0142ty i zapewniaj\u0105c pe\u0142n\u0105 swobod\u0119 ruch\u00f3w. Pasek pod stop\u0105 to w tym sezonie modowy must-have, \u0142\u0105cz\u0105cy styl z funkcjonalno\u015bci\u0105.<\/p>\n<p>Sizes: Xs\/S, M\/L<\/p>\n<p>Sk\u0142ad: 87% PES MIKRO, 13% PU<\/p>\n<p>Manufactured in Poland<\/p>\n<p>Delivery time: up to 7 working days<\/p>","protected":false},"excerpt":{"rendered":"<p>Legginsy Kela z paskiem pod stop\u0105, wykonane z wysokiej jako\u015bci, oddychaj\u0105cego materia\u0142u sportowego, kt\u00f3ry gwarantuje komfort podczas codziennego u\u017cytkowania. Tkanina jest ca\u0142kowicie nieprze\u015bwituj\u0105ca, dzi\u0119ki czemu mo\u017cesz czu\u0107 si\u0119 pewnie w ka\u017cdej sytuacji. Elastyczny kr\u00f3j perfekcyjnie dopasowuje si\u0119 [&hellip;]<\/p>","protected":false},"featured_media":16535,"template":"","meta":{"_acf_changed":false},"product_brand":[],"product_cat":[69,15],"product_tag":[115,153,470,449],"class_list":{"0":"post-16472","1":"product","2":"type-product","3":"status-publish","4":"has-post-thumbnail","6":"product_cat-legginsy","7":"product_cat-nowosci","8":"product_tag-ang","9":"product_tag-angonline-eu","10":"product_tag-czarne-legginsy","11":"product_tag-legginsy-ang","13":"first","14":"instock","15":"taxable","16":"shipping-taxable","17":"purchasable","18":"product-type-variable"},"acf":[],"_links":{"self":[{"href":"https:\/\/angonline.eu\/en\/wp-json\/wp\/v2\/product\/16472","targetHints":{"allow":["GET"]}}],"collection":[{"href":"https:\/\/angonline.eu\/en\/wp-json\/wp\/v2\/product"}],"about":[{"href":"https:\/\/angonline.eu\/en\/wp-json\/wp\/v2\/types\/product"}],"wp:featuredmedia":[{"embeddable":true,"href":"https:\/\/angonline.eu\/en\/wp-json\/wp\/v2\/media\/16535"}],"wp:attachment":[{"href":"https:\/\/angonline.eu\/en\/wp-json\/wp\/v2\/media?parent=16472"}],"wp:term":[{"taxonomy":"product_brand","embeddable":true,"href":"https:\/\/angonline.eu\/en\/wp-json\/wp\/v2\/product_brand?post=16472"},{"taxonomy":"product_cat","embeddable":true,"href":"https:\/\/angonline.eu\/en\/wp-json\/wp\/v2\/product_cat?post=16472"},{"taxonomy":"product_tag","embeddable":true,"href":"https:\/\/angonline.eu\/en\/wp-json\/wp\/v2\/product_tag?post=16472"}],"curies":[{"name":"wp","href":"https:\/\/api.w.org\/{rel}","templated":true}]}}