{"id":16486,"date":"2026-04-06T00:55:48","date_gmt":"2026-04-05T22:55:48","guid":{"rendered":"https:\/\/angonline.eu\/?post_type=product&#038;p=16486"},"modified":"2026-04-09T10:22:51","modified_gmt":"2026-04-09T08:22:51","slug":"spodnie-capri-dera","status":"publish","type":"product","link":"https:\/\/angonline.eu\/en\/product\/spodnie-capri-dera\/","title":{"rendered":"SPODNIE CAPRI DERA"},"content":{"rendered":"<p>Hit tego sezonu! Nogawki si\u0119gaj\u0105 tu\u017c za kolano, a praktyczne kieszenie po bokach \u0142\u0105cz\u0105 wygod\u0119 z modnym designem. Rozporki po bokach dodaj\u0105 lekko\u015bci i swobody ruchu.<\/p>\n<p>Sizes: XS, S, M, L<br \/>\nXS: d\u0142ugo\u015b\u0107 66 cm , szeroko\u015b\u0107 40 cm , pas 68 cm<br \/>\nS: d\u0142ugo\u015b\u0107 67 cm, szeroko\u015b\u0107 43 cm , pas 72 cm<br \/>\nM: d\u0142ugo\u015b\u0107 68 cm, szeroko\u015b\u0107 46 cm , pas 76 cm<br \/>\nL: d\u0142ugo\u015b\u0107 69 cm, szeroko\u015b\u0107 49 cm , pas 79 cm<\/p>\n<p>Sk\u0142ad: 87% PES MIKRO, 13 % PU<\/p>\n<p>Produced in Poland.<\/p>\n<p>Delivery time: up to 7 working days<\/p>","protected":false},"excerpt":{"rendered":"<p>Hit tego sezonu! Nogawki si\u0119gaj\u0105 tu\u017c za kolano, a praktyczne kieszenie po bokach \u0142\u0105cz\u0105 wygod\u0119 z modnym designem. Rozporki po bokach dodaj\u0105 lekko\u015bci i swobody ruchu. Rozmiary: XS, S, M, L XS: d\u0142ugo\u015b\u0107 66 cm , szeroko\u015b\u0107 [&hellip;]<\/p>","protected":false},"featured_media":16491,"template":"","meta":{"_acf_changed":false},"product_brand":[],"product_cat":[15,64],"product_tag":[115,153,188],"class_list":{"0":"post-16486","1":"product","2":"type-product","3":"status-publish","4":"has-post-thumbnail","6":"product_cat-nowosci","7":"product_cat-spodnie","8":"product_tag-ang","9":"product_tag-angonline-eu","10":"product_tag-czarne-spodnie-ang","12":"first","13":"outofstock","14":"taxable","15":"shipping-taxable","16":"purchasable","17":"product-type-variable"},"acf":[],"_links":{"self":[{"href":"https:\/\/angonline.eu\/en\/wp-json\/wp\/v2\/product\/16486","targetHints":{"allow":["GET"]}}],"collection":[{"href":"https:\/\/angonline.eu\/en\/wp-json\/wp\/v2\/product"}],"about":[{"href":"https:\/\/angonline.eu\/en\/wp-json\/wp\/v2\/types\/product"}],"wp:featuredmedia":[{"embeddable":true,"href":"https:\/\/angonline.eu\/en\/wp-json\/wp\/v2\/media\/16491"}],"wp:attachment":[{"href":"https:\/\/angonline.eu\/en\/wp-json\/wp\/v2\/media?parent=16486"}],"wp:term":[{"taxonomy":"product_brand","embeddable":true,"href":"https:\/\/angonline.eu\/en\/wp-json\/wp\/v2\/product_brand?post=16486"},{"taxonomy":"product_cat","embeddable":true,"href":"https:\/\/angonline.eu\/en\/wp-json\/wp\/v2\/product_cat?post=16486"},{"taxonomy":"product_tag","embeddable":true,"href":"https:\/\/angonline.eu\/en\/wp-json\/wp\/v2\/product_tag?post=16486"}],"curies":[{"name":"wp","href":"https:\/\/api.w.org\/{rel}","templated":true}]}}