{"id":16546,"date":"2026-04-08T23:59:58","date_gmt":"2026-04-08T21:59:58","guid":{"rendered":"https:\/\/angonline.eu\/?post_type=product&#038;p=16546"},"modified":"2026-04-09T10:22:51","modified_gmt":"2026-04-09T08:22:51","slug":"czarny-szal-opal","status":"publish","type":"product","link":"https:\/\/angonline.eu\/en\/product\/czarny-szal-opal\/","title":{"rendered":"CZARNY SZAL OPAL"},"content":{"rendered":"<p>Minimalistyczny szal na szyj\u0119 to ponadczasowy akcent, kt\u00f3ry nadaje stylizacji nowoczesnej elegancji. Idealnie komponuje si\u0119 zar\u00f3wno z klasyczn\u0105 koszul\u0105, jak i strukturaln\u0105 marynark\u0105, tworz\u0105c efekt effortless chic.<\/p>\n<p>Wymiary: 226 cm d\u0142ugo\u015b\u0107<\/p>\n<p>Composition: 100% polyester<\/p>\n<p>Produced in Poland.<\/p>\n<p>Delivery time: up to 7 working days.<\/p>","protected":false},"excerpt":{"rendered":"<p>Minimalistyczny szal na szyj\u0119 to ponadczasowy akcent, kt\u00f3ry nadaje stylizacji nowoczesnej elegancji. Idealnie komponuje si\u0119 zar\u00f3wno z klasyczn\u0105 koszul\u0105, jak i strukturaln\u0105 marynark\u0105, tworz\u0105c efekt effortless chic. Wymiary: 226 cm d\u0142ugo\u015b\u0107 Sk\u0142ad: 100% poliester Wyprodukowano w Polsce. [&hellip;]<\/p>","protected":false},"featured_media":16547,"template":"","meta":{"_acf_changed":false},"product_brand":[],"product_cat":[15],"product_tag":[115,153,499],"class_list":{"0":"post-16546","1":"product","2":"type-product","3":"status-publish","4":"has-post-thumbnail","6":"product_cat-nowosci","7":"product_tag-ang","8":"product_tag-angonline-eu","9":"product_tag-czarny-szal-ang","11":"first","12":"instock","13":"taxable","14":"shipping-taxable","15":"purchasable","16":"product-type-simple"},"acf":[],"_links":{"self":[{"href":"https:\/\/angonline.eu\/en\/wp-json\/wp\/v2\/product\/16546","targetHints":{"allow":["GET"]}}],"collection":[{"href":"https:\/\/angonline.eu\/en\/wp-json\/wp\/v2\/product"}],"about":[{"href":"https:\/\/angonline.eu\/en\/wp-json\/wp\/v2\/types\/product"}],"wp:featuredmedia":[{"embeddable":true,"href":"https:\/\/angonline.eu\/en\/wp-json\/wp\/v2\/media\/16547"}],"wp:attachment":[{"href":"https:\/\/angonline.eu\/en\/wp-json\/wp\/v2\/media?parent=16546"}],"wp:term":[{"taxonomy":"product_brand","embeddable":true,"href":"https:\/\/angonline.eu\/en\/wp-json\/wp\/v2\/product_brand?post=16546"},{"taxonomy":"product_cat","embeddable":true,"href":"https:\/\/angonline.eu\/en\/wp-json\/wp\/v2\/product_cat?post=16546"},{"taxonomy":"product_tag","embeddable":true,"href":"https:\/\/angonline.eu\/en\/wp-json\/wp\/v2\/product_tag?post=16546"}],"curies":[{"name":"wp","href":"https:\/\/api.w.org\/{rel}","templated":true}]}}