{"id":16578,"date":"2026-04-09T20:15:48","date_gmt":"2026-04-09T18:15:48","guid":{"rendered":"https:\/\/angonline.eu\/?post_type=product&#038;p=16578"},"modified":"2026-04-09T20:16:51","modified_gmt":"2026-04-09T18:16:51","slug":"bermudy-lume","status":"publish","type":"product","link":"https:\/\/angonline.eu\/en\/product\/bermudy-lume\/","title":{"rendered":"BERMUDY LUME"},"content":{"rendered":"<p>Lu\u017ane, bawe\u0142niane bermudy stworzone z my\u015bl\u0105 o wygodzie i stylu. Elastyczna gumka w pasie dopasowuje si\u0119 do sylwetki, a swobodny kr\u00f3j i praktyczne kieszenie sprawiaj\u0105, \u017ce to idealny model na co dzie\u0144. Minimalistyczny design \u015bwietnie \u0142\u0105czy si\u0119 z longsleevem LUME, tworz\u0105c nowoczesny, clean look.<\/p>\n<p>Size: XS\/S, M\/L<\/p>\n<p>Wymiary:\u2028XS\/S: d\u0142ugo\u015b\u0107 ca\u0142kowita 54 cm, szeroko\u015b\u0107 w pasie 34 cm<br \/>\nM\/L: XS\/S: d\u0142ugo\u015b\u0107 ca\u0142kowita 55 cm, szeroko\u015b\u0107 w pasie 37 cm<\/p>\n<p>Dimensions may vary +\/- 1-2 cm<\/p>\n<p>Sk\u0142ad: 92% bawe\u0142na, 8% elastan<br \/>\nManufactured in Poland<br \/>\nDelivery time: up to 7 working days<\/p>","protected":false},"excerpt":{"rendered":"<p>Lu\u017ane, bawe\u0142niane bermudy stworzone z my\u015bl\u0105 o wygodzie i stylu. Elastyczna gumka w pasie dopasowuje si\u0119 do sylwetki, a swobodny kr\u00f3j i praktyczne kieszenie sprawiaj\u0105, \u017ce to idealny model na co dzie\u0144. Minimalistyczny design \u015bwietnie \u0142\u0105czy si\u0119 [&hellip;]<\/p>","protected":false},"featured_media":16581,"template":"","meta":{"_acf_changed":false},"product_brand":[],"product_cat":[63,15],"product_tag":[115,153,501,145],"class_list":{"0":"post-16578","1":"product","2":"type-product","3":"status-publish","4":"has-post-thumbnail","6":"product_cat-bermudy","7":"product_cat-nowosci","8":"product_tag-ang","9":"product_tag-angonline-eu","10":"product_tag-czarne-bermudy","11":"product_tag-czarne-spodenki-ang","13":"first","14":"instock","15":"taxable","16":"shipping-taxable","17":"purchasable","18":"product-type-variable"},"acf":[],"_links":{"self":[{"href":"https:\/\/angonline.eu\/en\/wp-json\/wp\/v2\/product\/16578","targetHints":{"allow":["GET"]}}],"collection":[{"href":"https:\/\/angonline.eu\/en\/wp-json\/wp\/v2\/product"}],"about":[{"href":"https:\/\/angonline.eu\/en\/wp-json\/wp\/v2\/types\/product"}],"wp:featuredmedia":[{"embeddable":true,"href":"https:\/\/angonline.eu\/en\/wp-json\/wp\/v2\/media\/16581"}],"wp:attachment":[{"href":"https:\/\/angonline.eu\/en\/wp-json\/wp\/v2\/media?parent=16578"}],"wp:term":[{"taxonomy":"product_brand","embeddable":true,"href":"https:\/\/angonline.eu\/en\/wp-json\/wp\/v2\/product_brand?post=16578"},{"taxonomy":"product_cat","embeddable":true,"href":"https:\/\/angonline.eu\/en\/wp-json\/wp\/v2\/product_cat?post=16578"},{"taxonomy":"product_tag","embeddable":true,"href":"https:\/\/angonline.eu\/en\/wp-json\/wp\/v2\/product_tag?post=16578"}],"curies":[{"name":"wp","href":"https:\/\/api.w.org\/{rel}","templated":true}]}}